{"id":12252,"date":"2024-11-26T14:50:29","date_gmt":"2024-11-26T14:50:29","guid":{"rendered":"https:\/\/drg.dev.localfame.com\/solucions-a-mesura\/"},"modified":"2024-11-27T09:33:34","modified_gmt":"2024-11-27T09:33:34","slug":"solucions-a-mesura","status":"publish","type":"page","link":"https:\/\/barcelona-logistica.es\/ca\/solucions-a-mesura\/","title":{"rendered":"Solucions a mesura"},"content":{"rendered":"\n<div class=\"wp-block-group alignfull hero has-global-padding is-layout-constrained wp-block-group-is-layout-constrained has-background\" style=\"padding-top:var(--wp--preset--spacing--80);padding-bottom:var(--wp--preset--spacing--80);background-image:url(&apos;https:\/\/barcelona-logistica.es\/wp-content\/uploads\/2020\/07\/logistics-scaled.jpg&apos;);background-position:100% 50%;background-repeat:no-repeat;background-size:auto;\">\n<div class=\"wp-block-columns alignwide is-layout-flex wp-container-core-columns-is-layout-701c2d95 wp-block-columns-is-layout-flex\" style=\"padding-top:var(--wp--preset--spacing--80);padding-bottom:var(--wp--preset--spacing--80)\">\n<div class=\"wp-block-column is-layout-flow wp-block-column-is-layout-flow\" style=\"padding-top:var(--wp--preset--spacing--70);flex-basis:55%\">\n<h1 class=\"wp-block-heading has-white-color has-text-color has-link-color wp-elements-5e194c908fb0938c8e11a745c3e2c81d\" style=\"line-height:1.2\">Solucions log\u00edstiques a la mesura del teu sector<\/h1>\n\n\n\n<p class=\"has-white-color has-text-color has-link-color has-medium-font-size wp-elements-925a16f328e6f4c5166505233765017b\">Com 4PL, ens especialitzem en crear la millor estrat\u00e8gia log\u00edstica per al teu negoci<\/p>\n\n\n\n<div class=\"wp-block-buttons is-layout-flex wp-block-buttons-is-layout-flex\">\n<div class=\"wp-block-button\"><a class=\"wp-block-button__link wp-element-button\" href=\"https:\/\/barcelona-logistica.es\/ca\/contactanos\/\" style=\"border-radius:5px\">Posa\u2019t en contacte<\/a><\/div>\n<\/div>\n<\/div>\n\n\n\n<div class=\"wp-block-column is-layout-flow wp-block-column-is-layout-flow\" style=\"flex-basis:45%\"><\/div>\n<\/div>\n<\/div>\n\n<div class=\"wp-block-group alignfull has-global-padding is-layout-constrained wp-block-group-is-layout-constrained\" style=\"margin-top:var(--wp--preset--spacing--80);margin-bottom:var(--wp--preset--spacing--80)\">\n<div class=\"wp-block-columns alignwide are-vertically-aligned-center is-layout-flex wp-container-core-columns-is-layout-14cf5ab5 wp-block-columns-is-layout-flex\">\n<div class=\"wp-block-column is-vertically-aligned-center is-layout-flow wp-block-column-is-layout-flow\">\n<figure class=\"wp-block-image size-full has-custom-border\"><img loading=\"lazy\" decoding=\"async\" width=\"450\" height=\"523\" src=\"https:\/\/barcelona-logistica.es\/wp-content\/uploads\/2020\/07\/domestic-distribution-drg-2.jpg\" alt=\"Medida por Sectores Barcelona\" class=\"wp-image-1404\" style=\"border-radius:25px;aspect-ratio:4\/3;object-fit:cover\" srcset=\"https:\/\/barcelona-logistica.es\/wp-content\/uploads\/2020\/07\/domestic-distribution-drg-2.jpg 450w, https:\/\/barcelona-logistica.es\/wp-content\/uploads\/2020\/07\/domestic-distribution-drg-2-258x300.jpg 258w\" sizes=\"auto, (max-width: 450px) 100vw, 450px\" \/><\/figure>\n<\/div>\n\n\n\n<div class=\"wp-block-column is-vertically-aligned-center is-layout-flow wp-block-column-is-layout-flow\">\n<h2 class=\"wp-block-heading\">About Domestic Distribution<\/h2>\n\n\n\n<p>Proporcionem una completa consultoria log\u00edstica. Aix\u00f2 significa avaluar les necessitats del teu negoci espec\u00edfic i veure com es poden satisfer millor, prioritzant coses com la rendibilitat i l&#8217;efici\u00e8ncia. Normalment, aix\u00f2 pot significar una gran quantitat de treball dur de la teva part.  <\/p>\n\n\n\n<p>Hauries de comparar i contrastar les ofertes de totes les empreses de transport de la regi\u00f3 a la que et dirigeixes, ja sigui Barcelona, Catalunya, Espanya o qualsevol altra part de m\u00f3n. Hauries de seleccionar els teus millors serveis, negociar per obtenir el millor tracte i combinar-los en un tot cohesiu. <\/p>\n\n\n\n<p>Aix\u00f2 \u00e9s precisament el que fem en el teu nom. Creem una soluci\u00f3 a mida per a la teva ind\u00fastria i per a la regi\u00f3 i la forma en qu\u00e8 prefereixes operar. La teva soluci\u00f3 pot incloure m\u00faltiples maneres de transport mar\u00edtim, aeri i terrestre. Pots incloure el lliurament completa porta a porta, o un maneig especial per a materials perillosos.    <\/p>\n<\/div>\n<\/div>\n<\/div>\n\n<div style=\"background-image:url(&apos;https:\/\/barcelona-logistica.es\/wp-content\/uploads\/2024\/11\/containers-export-drg-cta-min.jpg&apos;);background-position:50% 50%;background-size:cover;\" class=\"wp-block-group has-global-padding is-layout-constrained wp-block-group-is-layout-constrained has-background\">\n<div class=\"wp-block-columns are-vertically-aligned-center is-layout-flex wp-container-core-columns-is-layout-a54e0cfc wp-block-columns-is-layout-flex\" style=\"padding-top:var(--wp--preset--spacing--60);padding-bottom:var(--wp--preset--spacing--60)\">\n<div class=\"wp-block-column is-vertically-aligned-center is-layout-flow wp-block-column-is-layout-flow\" style=\"flex-basis:66.66%\">\n<p class=\"has-white-color has-text-color has-link-color has-large-font-size wp-elements-1d9dcfd379d0b9c7387b46c819f1555c\"><strong>Millora la log\u00edstica del teu negoci avui mateix!<\/strong><\/p>\n<\/div>\n\n\n\n<div class=\"wp-block-column is-vertically-aligned-center is-layout-flow wp-block-column-is-layout-flow\" style=\"flex-basis:33.33%\">\n<div class=\"wp-block-buttons is-content-justification-center is-layout-flex wp-container-core-buttons-is-layout-a89b3969 wp-block-buttons-is-layout-flex\">\n<div class=\"wp-block-button\"><a class=\"wp-block-button__link wp-element-button\" href=\"\/ca\/contactanos\/\" style=\"border-radius:5px\">Posa\u2019t en contacte<\/a><\/div>\n<\/div>\n<\/div>\n<\/div>\n<\/div>\n\n<div class=\"wp-block-group alignfull has-global-padding is-layout-constrained wp-block-group-is-layout-constrained\" style=\"margin-top:var(--wp--preset--spacing--60);margin-bottom:var(--wp--preset--spacing--20)\">\n<div class=\"wp-block-columns alignwide is-layout-flex wp-container-core-columns-is-layout-14cf5ab5 wp-block-columns-is-layout-flex\">\n<div class=\"wp-block-column is-vertically-aligned-center is-layout-flow wp-block-column-is-layout-flow\" style=\"padding-top:var(--wp--preset--spacing--40);padding-bottom:var(--wp--preset--spacing--40)\">\n<h2 class=\"wp-block-heading has-text-align-center\">Les solucions d&#8217;emmagatzematge m\u00e9s convenients<\/h2>\n\n\n\n<p class=\"has-text-align-center\">Sigui quina sigui la necessitat, ser\u00e0 la soluci\u00f3 que millor s&#8217;adapti al teu negoci. El que vol dir que no es malgasta m\u00e9s diners. No m\u00e9s inefici\u00e8ncies.  <\/p>\n<\/div>\n<\/div>\n<\/div>\n\n<div class=\"wp-block-group alignfull has-global-padding is-layout-constrained wp-block-group-is-layout-constrained\" style=\"margin-top:0;margin-bottom:var(--wp--preset--spacing--60)\">\n<div class=\"wp-block-columns alignwide are-vertically-aligned-center is-layout-flex wp-container-core-columns-is-layout-14cf5ab5 wp-block-columns-is-layout-flex\">\n<div class=\"wp-block-column is-vertically-aligned-center is-layout-flow wp-block-column-is-layout-flow\" style=\"padding-top:0;padding-bottom:0\">\n<div class=\"wp-block-group has-global-padding is-layout-constrained wp-container-core-group-is-layout-c748ba87 wp-block-group-is-layout-constrained\" style=\"border-left-color:var(--wp--preset--color--vivid-red);padding-left:var(--wp--preset--spacing--40)\">\n<p>Les solucions d&#8217;emmagatzematge s\u00f3n l&#8217;altra cara de la moneda de la log\u00edstica. Un cop m\u00e9s, en lloc d&#8217;una soluci\u00f3 \u00fanica, oferim una consulta completa de log\u00edstica d&#8217;emmagatzematge. Aix\u00f2 inclou la selecci\u00f3 de les solucions m\u00e9s adequades per al teu negoci, tenint en compte coses com els teus plans de distribuci\u00f3 nacional i tota la teva cadena de subministrament. Tamb\u00e9 inclou la gesti\u00f3 cont\u00ednua de l&#8217;magatzem per gestionar els canvis en el mercat en el futur.   <\/p>\n\n\n\n<p>Segur que sabeu que la vostra log\u00edstica d&#8217;emmagatzematge \u00e9s ara l\u00f2gica i rendible. En lloc de malgastar els teus diners. <\/p>\n\n\n\n<p>\u00c9s possible que hagis de establir centres de compliment, distribuci\u00f3 o log\u00edstica d&#8217;emmagatzematge. Pots estar en qualsevol ind\u00fastria: automotriu, cosm\u00e8tica, moda i t\u00e8xtil, farmac\u00e8utica o qualsevol de centenars d&#8217;altres. <\/p>\n\n\n\n<p>Independentment dels teus objectius i objectius, ens encarreguem de configurar les solucions d&#8217;emmagatzematge que aconsegueixin els millors resultats del teu negoci. Aix\u00ed, podeu tornar a tota la resta de coses que implica la gesti\u00f3 del vostre negoci. <\/p>\n<\/div>\n<\/div>\n\n\n\n<div class=\"wp-block-column is-vertically-aligned-center is-layout-flow wp-block-column-is-layout-flow\">\n<figure class=\"wp-block-image aligncenter size-full has-custom-border\"><img loading=\"lazy\" decoding=\"async\" width=\"375\" height=\"500\" src=\"https:\/\/barcelona-logistica.es\/wp-content\/uploads\/2020\/07\/real-estate-warehouse.jpg\" alt=\"envios nacionales e internacionales Barcelona\" class=\"wp-image-1301\" style=\"border-radius:25px\" srcset=\"https:\/\/barcelona-logistica.es\/wp-content\/uploads\/2020\/07\/real-estate-warehouse.jpg 375w, https:\/\/barcelona-logistica.es\/wp-content\/uploads\/2020\/07\/real-estate-warehouse-225x300.jpg 225w\" sizes=\"auto, (max-width: 375px) 100vw, 375px\" \/><\/figure>\n<\/div>\n<\/div>\n<\/div>\n","protected":false},"excerpt":{"rendered":"<p>Solucions log\u00edstiques a la mesura del teu sector Com 4PL, ens especialitzem en crear la millor estrat\u00e8gia log\u00edstica per al teu negoci About Domestic Distribution Proporcionem una completa consultoria log\u00edstica. Aix\u00f2 significa avaluar les necessitats del teu negoci espec\u00edfic i veure com es poden satisfer millor, prioritzant coses com la rendibilitat i l&#8217;efici\u00e8ncia. Normalment, aix\u00f2 [&hellip;]<\/p>\n","protected":false},"author":1,"featured_media":0,"parent":0,"menu_order":0,"comment_status":"closed","ping_status":"closed","template":"","meta":{"pgc_sgb_lightbox_settings":"","footnotes":""},"class_list":["post-12252","page","type-page","status-publish","hentry"],"yoast_head":"<!-- This site is optimized with the Yoast SEO plugin v26.5 - https:\/\/yoast.com\/wordpress\/plugins\/seo\/ -->\n<title>Logistics and Storage Solutions in Barcelona | DRG Solutions<\/title>\n<meta name=\"description\" content=\"Have us build the perfect combination of logistics solutions and storage solutions to meet the needs of your business. We tailor-make solutions for industry.\" \/>\n<meta name=\"robots\" content=\"index, follow, max-snippet:-1, max-image-preview:large, max-video-preview:-1\" \/>\n<link rel=\"canonical\" href=\"https:\/\/barcelona-logistica.es\/ca\/solucions-a-mesura\/\" \/>\n<meta property=\"og:locale\" content=\"ca_ES\" \/>\n<meta property=\"og:type\" content=\"article\" \/>\n<meta property=\"og:title\" content=\"Logistics and Storage Solutions in Barcelona | DRG Solutions\" \/>\n<meta property=\"og:description\" content=\"Have us build the perfect combination of logistics solutions and storage solutions to meet the needs of your business. We tailor-make solutions for industry.\" \/>\n<meta property=\"og:url\" content=\"https:\/\/barcelona-logistica.es\/ca\/solucions-a-mesura\/\" \/>\n<meta property=\"og:site_name\" content=\"DRG Solutions\" \/>\n<meta property=\"article:modified_time\" content=\"2024-11-27T09:33:34+00:00\" \/>\n<meta property=\"og:image\" content=\"https:\/\/barcelona-logistica.es\/wp-content\/uploads\/2020\/07\/domestic-distribution-drg-2.jpg\" \/>\n\t<meta property=\"og:image:width\" content=\"450\" \/>\n\t<meta property=\"og:image:height\" content=\"523\" \/>\n\t<meta property=\"og:image:type\" content=\"image\/jpeg\" \/>\n<meta name=\"twitter:card\" content=\"summary_large_image\" \/>\n<meta name=\"twitter:label1\" content=\"Temps estimat de lectura\" \/>\n\t<meta name=\"twitter:data1\" content=\"2 minuts\" \/>\n<script type=\"application\/ld+json\" class=\"yoast-schema-graph\">{\"@context\":\"https:\/\/schema.org\",\"@graph\":[{\"@type\":\"WebPage\",\"@id\":\"https:\/\/barcelona-logistica.es\/ca\/solucions-a-mesura\/\",\"url\":\"https:\/\/barcelona-logistica.es\/ca\/solucions-a-mesura\/\",\"name\":\"Logistics and Storage Solutions in Barcelona | DRG Solutions\",\"isPartOf\":{\"@id\":\"https:\/\/barcelona-logistica.es\/ca\/#website\"},\"primaryImageOfPage\":{\"@id\":\"https:\/\/barcelona-logistica.es\/ca\/solucions-a-mesura\/#primaryimage\"},\"image\":{\"@id\":\"https:\/\/barcelona-logistica.es\/ca\/solucions-a-mesura\/#primaryimage\"},\"thumbnailUrl\":\"https:\/\/barcelona-logistica.es\/wp-content\/uploads\/2020\/07\/domestic-distribution-drg-2.jpg\",\"datePublished\":\"2024-11-26T14:50:29+00:00\",\"dateModified\":\"2024-11-27T09:33:34+00:00\",\"description\":\"Have us build the perfect combination of logistics solutions and storage solutions to meet the needs of your business. We tailor-make solutions for industry.\",\"breadcrumb\":{\"@id\":\"https:\/\/barcelona-logistica.es\/ca\/solucions-a-mesura\/#breadcrumb\"},\"inLanguage\":\"ca\",\"potentialAction\":[{\"@type\":\"ReadAction\",\"target\":[\"https:\/\/barcelona-logistica.es\/ca\/solucions-a-mesura\/\"]}]},{\"@type\":\"ImageObject\",\"inLanguage\":\"ca\",\"@id\":\"https:\/\/barcelona-logistica.es\/ca\/solucions-a-mesura\/#primaryimage\",\"url\":\"https:\/\/barcelona-logistica.es\/wp-content\/uploads\/2020\/07\/domestic-distribution-drg-2.jpg\",\"contentUrl\":\"https:\/\/barcelona-logistica.es\/wp-content\/uploads\/2020\/07\/domestic-distribution-drg-2.jpg\"},{\"@type\":\"BreadcrumbList\",\"@id\":\"https:\/\/barcelona-logistica.es\/ca\/solucions-a-mesura\/#breadcrumb\",\"itemListElement\":[{\"@type\":\"ListItem\",\"position\":1,\"name\":\"Inici\",\"item\":\"https:\/\/barcelona-logistica.es\/ca\/\"},{\"@type\":\"ListItem\",\"position\":2,\"name\":\"Solucions a mesura\"}]},{\"@type\":\"WebSite\",\"@id\":\"https:\/\/barcelona-logistica.es\/ca\/#website\",\"url\":\"https:\/\/barcelona-logistica.es\/ca\/\",\"name\":\"DRG Solutions\",\"description\":\"\",\"publisher\":{\"@id\":\"https:\/\/barcelona-logistica.es\/ca\/#organization\"},\"potentialAction\":[{\"@type\":\"SearchAction\",\"target\":{\"@type\":\"EntryPoint\",\"urlTemplate\":\"https:\/\/barcelona-logistica.es\/ca\/?s={search_term_string}\"},\"query-input\":{\"@type\":\"PropertyValueSpecification\",\"valueRequired\":true,\"valueName\":\"search_term_string\"}}],\"inLanguage\":\"ca\"},{\"@type\":\"Organization\",\"@id\":\"https:\/\/barcelona-logistica.es\/ca\/#organization\",\"name\":\"DRG SOLUTIONS, SL\",\"url\":\"https:\/\/barcelona-logistica.es\/ca\/\",\"logo\":{\"@type\":\"ImageObject\",\"inLanguage\":\"ca\",\"@id\":\"https:\/\/barcelona-logistica.es\/ca\/#\/schema\/logo\/image\/\",\"url\":\"https:\/\/barcelona-logistica.es\/wp-content\/uploads\/2020\/06\/LOGO-DRG-512x512-1.png\",\"contentUrl\":\"https:\/\/barcelona-logistica.es\/wp-content\/uploads\/2020\/06\/LOGO-DRG-512x512-1.png\",\"width\":512,\"height\":512,\"caption\":\"DRG SOLUTIONS, SL\"},\"image\":{\"@id\":\"https:\/\/barcelona-logistica.es\/ca\/#\/schema\/logo\/image\/\"}}]}<\/script>\n<!-- \/ Yoast SEO plugin. -->","yoast_head_json":{"title":"Logistics and Storage Solutions in Barcelona | DRG Solutions","description":"Have us build the perfect combination of logistics solutions and storage solutions to meet the needs of your business. We tailor-make solutions for industry.","robots":{"index":"index","follow":"follow","max-snippet":"max-snippet:-1","max-image-preview":"max-image-preview:large","max-video-preview":"max-video-preview:-1"},"canonical":"https:\/\/barcelona-logistica.es\/ca\/solucions-a-mesura\/","og_locale":"ca_ES","og_type":"article","og_title":"Logistics and Storage Solutions in Barcelona | DRG Solutions","og_description":"Have us build the perfect combination of logistics solutions and storage solutions to meet the needs of your business. We tailor-make solutions for industry.","og_url":"https:\/\/barcelona-logistica.es\/ca\/solucions-a-mesura\/","og_site_name":"DRG Solutions","article_modified_time":"2024-11-27T09:33:34+00:00","og_image":[{"width":450,"height":523,"url":"https:\/\/barcelona-logistica.es\/wp-content\/uploads\/2020\/07\/domestic-distribution-drg-2.jpg","type":"image\/jpeg"}],"twitter_card":"summary_large_image","twitter_misc":{"Temps estimat de lectura":"2 minuts"},"schema":{"@context":"https:\/\/schema.org","@graph":[{"@type":"WebPage","@id":"https:\/\/barcelona-logistica.es\/ca\/solucions-a-mesura\/","url":"https:\/\/barcelona-logistica.es\/ca\/solucions-a-mesura\/","name":"Logistics and Storage Solutions in Barcelona | DRG Solutions","isPartOf":{"@id":"https:\/\/barcelona-logistica.es\/ca\/#website"},"primaryImageOfPage":{"@id":"https:\/\/barcelona-logistica.es\/ca\/solucions-a-mesura\/#primaryimage"},"image":{"@id":"https:\/\/barcelona-logistica.es\/ca\/solucions-a-mesura\/#primaryimage"},"thumbnailUrl":"https:\/\/barcelona-logistica.es\/wp-content\/uploads\/2020\/07\/domestic-distribution-drg-2.jpg","datePublished":"2024-11-26T14:50:29+00:00","dateModified":"2024-11-27T09:33:34+00:00","description":"Have us build the perfect combination of logistics solutions and storage solutions to meet the needs of your business. We tailor-make solutions for industry.","breadcrumb":{"@id":"https:\/\/barcelona-logistica.es\/ca\/solucions-a-mesura\/#breadcrumb"},"inLanguage":"ca","potentialAction":[{"@type":"ReadAction","target":["https:\/\/barcelona-logistica.es\/ca\/solucions-a-mesura\/"]}]},{"@type":"ImageObject","inLanguage":"ca","@id":"https:\/\/barcelona-logistica.es\/ca\/solucions-a-mesura\/#primaryimage","url":"https:\/\/barcelona-logistica.es\/wp-content\/uploads\/2020\/07\/domestic-distribution-drg-2.jpg","contentUrl":"https:\/\/barcelona-logistica.es\/wp-content\/uploads\/2020\/07\/domestic-distribution-drg-2.jpg"},{"@type":"BreadcrumbList","@id":"https:\/\/barcelona-logistica.es\/ca\/solucions-a-mesura\/#breadcrumb","itemListElement":[{"@type":"ListItem","position":1,"name":"Inici","item":"https:\/\/barcelona-logistica.es\/ca\/"},{"@type":"ListItem","position":2,"name":"Solucions a mesura"}]},{"@type":"WebSite","@id":"https:\/\/barcelona-logistica.es\/ca\/#website","url":"https:\/\/barcelona-logistica.es\/ca\/","name":"DRG Solutions","description":"","publisher":{"@id":"https:\/\/barcelona-logistica.es\/ca\/#organization"},"potentialAction":[{"@type":"SearchAction","target":{"@type":"EntryPoint","urlTemplate":"https:\/\/barcelona-logistica.es\/ca\/?s={search_term_string}"},"query-input":{"@type":"PropertyValueSpecification","valueRequired":true,"valueName":"search_term_string"}}],"inLanguage":"ca"},{"@type":"Organization","@id":"https:\/\/barcelona-logistica.es\/ca\/#organization","name":"DRG SOLUTIONS, SL","url":"https:\/\/barcelona-logistica.es\/ca\/","logo":{"@type":"ImageObject","inLanguage":"ca","@id":"https:\/\/barcelona-logistica.es\/ca\/#\/schema\/logo\/image\/","url":"https:\/\/barcelona-logistica.es\/wp-content\/uploads\/2020\/06\/LOGO-DRG-512x512-1.png","contentUrl":"https:\/\/barcelona-logistica.es\/wp-content\/uploads\/2020\/06\/LOGO-DRG-512x512-1.png","width":512,"height":512,"caption":"DRG SOLUTIONS, SL"},"image":{"@id":"https:\/\/barcelona-logistica.es\/ca\/#\/schema\/logo\/image\/"}}]}},"_links":{"self":[{"href":"https:\/\/barcelona-logistica.es\/ca\/wp-json\/wp\/v2\/pages\/12252","targetHints":{"allow":["GET"]}}],"collection":[{"href":"https:\/\/barcelona-logistica.es\/ca\/wp-json\/wp\/v2\/pages"}],"about":[{"href":"https:\/\/barcelona-logistica.es\/ca\/wp-json\/wp\/v2\/types\/page"}],"author":[{"embeddable":true,"href":"https:\/\/barcelona-logistica.es\/ca\/wp-json\/wp\/v2\/users\/1"}],"replies":[{"embeddable":true,"href":"https:\/\/barcelona-logistica.es\/ca\/wp-json\/wp\/v2\/comments?post=12252"}],"version-history":[{"count":1,"href":"https:\/\/barcelona-logistica.es\/ca\/wp-json\/wp\/v2\/pages\/12252\/revisions"}],"predecessor-version":[{"id":12253,"href":"https:\/\/barcelona-logistica.es\/ca\/wp-json\/wp\/v2\/pages\/12252\/revisions\/12253"}],"wp:attachment":[{"href":"https:\/\/barcelona-logistica.es\/ca\/wp-json\/wp\/v2\/media?parent=12252"}],"curies":[{"name":"wp","href":"https:\/\/api.w.org\/{rel}","templated":true}]}}