{"id":12196,"date":"2024-11-22T15:19:40","date_gmt":"2024-11-22T15:19:40","guid":{"rendered":"https:\/\/drg.dev.localfame.com\/faq\/"},"modified":"2024-11-27T09:42:50","modified_gmt":"2024-11-27T09:42:50","slug":"faq","status":"publish","type":"page","link":"https:\/\/barcelona-logistica.es\/ca\/faq\/","title":{"rendered":"FAQ"},"content":{"rendered":"\n<div class=\"wp-block-group alignfull hero has-global-padding is-layout-constrained wp-block-group-is-layout-constrained has-background\" style=\"padding-top:var(--wp--preset--spacing--80);padding-bottom:var(--wp--preset--spacing--80);background-image:url(&apos;https:\/\/barcelona-logistica.es\/wp-content\/uploads\/2024\/04\/cover_export-scaled.jpg&apos;);background-position:100% 50%;background-repeat:no-repeat;background-size:auto;\">\n<div class=\"wp-block-columns alignwide is-layout-flex wp-container-core-columns-is-layout-701c2d95 wp-block-columns-is-layout-flex\" style=\"padding-top:var(--wp--preset--spacing--80);padding-bottom:var(--wp--preset--spacing--80)\">\n<div class=\"wp-block-column is-layout-flow wp-block-column-is-layout-flow\" style=\"padding-top:var(--wp--preset--spacing--70);flex-basis:55%\">\n<h1 class=\"wp-block-heading has-white-color has-text-color has-link-color wp-elements-ef3a9e1a5b2d8084e7dcb732b55d066c\" style=\"line-height:1.2\">Preguntes Freq\u00fcents<\/h1>\n\n\n\n<div class=\"wp-block-buttons is-layout-flex wp-block-buttons-is-layout-flex\">\n<div class=\"wp-block-button\"><a class=\"wp-block-button__link wp-element-button\" href=\"https:\/\/barcelona-logistica.es\/ca\/contactanos\/\" style=\"border-radius:5px\">Posa\u2019t en contacte<\/a><\/div>\n<\/div>\n<\/div>\n\n\n\n<div class=\"wp-block-column is-layout-flow wp-block-column-is-layout-flow\" style=\"flex-basis:45%\"><\/div>\n<\/div>\n<\/div>\n\n<div class=\"wp-block-group alignwide has-global-padding is-layout-constrained wp-block-group-is-layout-constrained\" style=\"padding-top:var(--wp--preset--spacing--70);padding-bottom:var(--wp--preset--spacing--70)\">\n<div class=\"wp-block-columns alignwide are-vertically-aligned-center is-layout-flex wp-container-core-columns-is-layout-cf05694f wp-block-columns-is-layout-flex\">\n<div class=\"wp-block-column is-vertically-aligned-center is-layout-flow wp-block-column-is-layout-flow\" style=\"flex-basis:33%\">\n<div class=\"wp-block-group has-global-padding is-layout-constrained wp-container-core-group-is-layout-638a0568 wp-block-group-is-layout-constrained has-background\" style=\"border-radius:25px;padding-top:var(--wp--preset--spacing--80);padding-right:var(--wp--preset--spacing--70);padding-bottom:var(--wp--preset--spacing--80);padding-left:var(--wp--preset--spacing--70);background-image:url(&apos;https:\/\/barcelona-logistica.es\/wp-content\/uploads\/2024\/11\/cta-banner2-min.jpg&apos;);background-position:50% 50%;background-size:cover;\">\n<p class=\"has-white-color has-text-color has-link-color has-medium-font-size wp-elements-62ba9b4e141fd13bab36daa1ec708f84\"><strong>Necessites m\u00e9s informaci\u00f3?<\/strong><\/p>\n\n\n\n<p class=\"has-white-color has-text-color has-link-color wp-elements-bd3389608ac09b954cd1ddaed8b71369\">Creiem en el poder de la comunicaci\u00f3 senzilla. Poseu-vos en contacte amb nosaltres i poseu-vos en contacte amb nosaltres per obtenir m\u00e9s detalls. <\/p>\n\n\n\n<div class=\"wp-block-buttons is-layout-flex wp-block-buttons-is-layout-flex\">\n<div class=\"wp-block-button\"><a class=\"wp-block-button__link wp-element-button\" href=\"\/ca\/contactanos\/\" style=\"border-radius:5px\">Posa\u2019t en contacte<\/a><\/div>\n<\/div>\n<\/div>\n<\/div>\n\n\n\n<div class=\"wp-block-column is-vertically-aligned-center is-layout-flow wp-block-column-is-layout-flow\" style=\"flex-basis:60%\">\n<details class=\"wp-block-details is-layout-flow wp-block-details-is-layout-flow\" style=\"border-top-color:var(--wp--preset--color--vivid-red);border-top-width:2px;border-bottom-color:#bababa;border-bottom-width:1px\" open><summary>Necessito factura per a enviar a aquest pa\u00eds?<\/summary>\n<p>Sempre que sigui fora de la UE cal factura comercial o proforma<\/p>\n<\/details>\n\n\n\n<details class=\"wp-block-details is-layout-flow wp-block-details-is-layout-flow\" style=\"border-bottom-color:#bababa;border-bottom-width:1px\"><summary>Quan ha de ser factura comercial o proforma?<\/summary>\n<p>Dependr\u00e0 si \u00e9s una venda comercial d\u2019un producte o una mostra o regal sense transacci\u00f3 econ\u00f2mica<\/p>\n<\/details>\n\n\n\n<details class=\"wp-block-details is-layout-flow wp-block-details-is-layout-flow\" style=\"border-bottom-color:#bababa;border-bottom-width:1px\"><summary>Quin impost pagar\u00e9 d&#8217;entrada de la meva mercaderia a la UE?<\/summary>\n<p>Sempre l\u2019IVA duaner, dependr\u00e0 del producte i el pa\u00eds d\u2019origen si en addici\u00f3 hi ha aranzels o no  <\/p>\n<\/details>\n\n\n\n<details class=\"wp-block-details is-layout-flow wp-block-details-is-layout-flow\" style=\"border-bottom-color:#bababa;border-bottom-width:1px\"><summary>Si vull que, en dest\u00ed, li lliurin al meu client, lliure d&#8217;impostos, com haig de fer-ho?<\/summary>\n<p>Se\u2019ns de notificar que l\u2019enviament ser\u00e0 amb el Incoterm DDP, \u00e9s a dir que els impostos seran a pagar per l\u2019exportador<\/p>\n<\/details>\n\n\n\n<details class=\"wp-block-details is-layout-flow wp-block-details-is-layout-flow\" style=\"border-bottom-color:#bababa;border-bottom-width:1px\"><summary>Tinc tra\u00e7abilitat sobre la meva mercaderia en tot moment?<\/summary>\n<p>En tot moment i a qualsevol hora del dia es pot seguir a la nostra web<\/p>\n<\/details>\n\n\n\n<details class=\"wp-block-details is-layout-flow wp-block-details-is-layout-flow\" style=\"border-bottom-color:#bababa;border-bottom-width:1px\"><summary>Qu\u00e8 passa si es perd o deteriora la meva mercaderia durant el transport?<\/summary>\n<p>Si el valor de la mercaderia ha estat assegurat pr\u00e8viament i es compleixen els requisits, es cobrar\u00e0 el valor declarat, en cas contrari, es recorrer\u00e0 a l\u2019asseguran\u00e7a obligat\u00f2ria de cada tipus de transport, nacional, aeri, terrestre o mar\u00edtim, que cobreix un import per kg real de l\u2019enviament <\/p>\n<\/details>\n\n\n\n<details class=\"wp-block-details is-layout-flow wp-block-details-is-layout-flow\" style=\"border-bottom-color:var(--wp--preset--color--vivid-red);border-bottom-width:2px\"><summary>Que s\u00f3n els Incoterms? Com acordo els termes de la meva venda de compra\/internacional? <\/summary>\n<p>S\u00f3n els termes de compra venda internacionals que marquen qui paga el que, sobre el transport, \u00e9s important acordar-los abans de realitzar qualsevol transacci\u00f3.  <\/p>\n<\/details>\n<\/div>\n<\/div>\n<\/div>\n","protected":false},"excerpt":{"rendered":"<p>Preguntes Freq\u00fcents<\/p>\n","protected":false},"author":1,"featured_media":0,"parent":0,"menu_order":0,"comment_status":"closed","ping_status":"closed","template":"","meta":{"pgc_sgb_lightbox_settings":"","footnotes":""},"class_list":["post-12196","page","type-page","status-publish","hentry"],"yoast_head":"<!-- This site is optimized with the Yoast SEO plugin v26.5 - https:\/\/yoast.com\/wordpress\/plugins\/seo\/ -->\n<title>Barcelona Logistics | 4PL Provider - Transport, Storage and More<\/title>\n<meta name=\"description\" content=\"Deixa&#039;ns crear la teva soluci\u00f3 log\u00edstica completa ideal. No confieu en una sola empresa de log\u00edstica a Barcelona. Escollim els millors serveis de tots ells.\" \/>\n<meta name=\"robots\" content=\"index, follow, max-snippet:-1, max-image-preview:large, max-video-preview:-1\" \/>\n<link rel=\"canonical\" href=\"https:\/\/barcelona-logistica.es\/ca\/faq\/\" \/>\n<meta property=\"og:locale\" content=\"ca_ES\" \/>\n<meta property=\"og:type\" content=\"article\" \/>\n<meta property=\"og:title\" content=\"Barcelona Logistics | 4PL Provider - Transport, Storage and More\" \/>\n<meta property=\"og:description\" content=\"Deixa&#039;ns crear la teva soluci\u00f3 log\u00edstica completa ideal. No confieu en una sola empresa de log\u00edstica a Barcelona. Escollim els millors serveis de tots ells.\" \/>\n<meta property=\"og:url\" content=\"https:\/\/barcelona-logistica.es\/ca\/faq\/\" \/>\n<meta property=\"og:site_name\" content=\"DRG Solutions\" \/>\n<meta property=\"article:modified_time\" content=\"2024-11-27T09:42:50+00:00\" \/>\n<meta name=\"twitter:card\" content=\"summary_large_image\" \/>\n<meta name=\"twitter:label1\" content=\"Temps estimat de lectura\" \/>\n\t<meta name=\"twitter:data1\" content=\"1 minut\" \/>\n<script type=\"application\/ld+json\" class=\"yoast-schema-graph\">{\"@context\":\"https:\/\/schema.org\",\"@graph\":[{\"@type\":\"WebPage\",\"@id\":\"https:\/\/barcelona-logistica.es\/ca\/faq\/\",\"url\":\"https:\/\/barcelona-logistica.es\/ca\/faq\/\",\"name\":\"Barcelona Logistics | 4PL Provider - Transport, Storage and More\",\"isPartOf\":{\"@id\":\"https:\/\/barcelona-logistica.es\/ca\/#website\"},\"datePublished\":\"2024-11-22T15:19:40+00:00\",\"dateModified\":\"2024-11-27T09:42:50+00:00\",\"description\":\"Deixa'ns crear la teva soluci\u00f3 log\u00edstica completa ideal. No confieu en una sola empresa de log\u00edstica a Barcelona. Escollim els millors serveis de tots ells.\",\"breadcrumb\":{\"@id\":\"https:\/\/barcelona-logistica.es\/ca\/faq\/#breadcrumb\"},\"inLanguage\":\"ca\",\"potentialAction\":[{\"@type\":\"ReadAction\",\"target\":[\"https:\/\/barcelona-logistica.es\/ca\/faq\/\"]}]},{\"@type\":\"BreadcrumbList\",\"@id\":\"https:\/\/barcelona-logistica.es\/ca\/faq\/#breadcrumb\",\"itemListElement\":[{\"@type\":\"ListItem\",\"position\":1,\"name\":\"Inici\",\"item\":\"https:\/\/barcelona-logistica.es\/ca\/\"},{\"@type\":\"ListItem\",\"position\":2,\"name\":\"FAQ\"}]},{\"@type\":\"WebSite\",\"@id\":\"https:\/\/barcelona-logistica.es\/ca\/#website\",\"url\":\"https:\/\/barcelona-logistica.es\/ca\/\",\"name\":\"DRG Solutions\",\"description\":\"\",\"publisher\":{\"@id\":\"https:\/\/barcelona-logistica.es\/ca\/#organization\"},\"potentialAction\":[{\"@type\":\"SearchAction\",\"target\":{\"@type\":\"EntryPoint\",\"urlTemplate\":\"https:\/\/barcelona-logistica.es\/ca\/?s={search_term_string}\"},\"query-input\":{\"@type\":\"PropertyValueSpecification\",\"valueRequired\":true,\"valueName\":\"search_term_string\"}}],\"inLanguage\":\"ca\"},{\"@type\":\"Organization\",\"@id\":\"https:\/\/barcelona-logistica.es\/ca\/#organization\",\"name\":\"DRG SOLUTIONS, SL\",\"url\":\"https:\/\/barcelona-logistica.es\/ca\/\",\"logo\":{\"@type\":\"ImageObject\",\"inLanguage\":\"ca\",\"@id\":\"https:\/\/barcelona-logistica.es\/ca\/#\/schema\/logo\/image\/\",\"url\":\"https:\/\/barcelona-logistica.es\/wp-content\/uploads\/2020\/06\/LOGO-DRG-512x512-1.png\",\"contentUrl\":\"https:\/\/barcelona-logistica.es\/wp-content\/uploads\/2020\/06\/LOGO-DRG-512x512-1.png\",\"width\":512,\"height\":512,\"caption\":\"DRG SOLUTIONS, SL\"},\"image\":{\"@id\":\"https:\/\/barcelona-logistica.es\/ca\/#\/schema\/logo\/image\/\"}}]}<\/script>\n<!-- \/ Yoast SEO plugin. -->","yoast_head_json":{"title":"Barcelona Logistics | 4PL Provider - Transport, Storage and More","description":"Deixa'ns crear la teva soluci\u00f3 log\u00edstica completa ideal. No confieu en una sola empresa de log\u00edstica a Barcelona. Escollim els millors serveis de tots ells.","robots":{"index":"index","follow":"follow","max-snippet":"max-snippet:-1","max-image-preview":"max-image-preview:large","max-video-preview":"max-video-preview:-1"},"canonical":"https:\/\/barcelona-logistica.es\/ca\/faq\/","og_locale":"ca_ES","og_type":"article","og_title":"Barcelona Logistics | 4PL Provider - Transport, Storage and More","og_description":"Deixa'ns crear la teva soluci\u00f3 log\u00edstica completa ideal. No confieu en una sola empresa de log\u00edstica a Barcelona. Escollim els millors serveis de tots ells.","og_url":"https:\/\/barcelona-logistica.es\/ca\/faq\/","og_site_name":"DRG Solutions","article_modified_time":"2024-11-27T09:42:50+00:00","twitter_card":"summary_large_image","twitter_misc":{"Temps estimat de lectura":"1 minut"},"schema":{"@context":"https:\/\/schema.org","@graph":[{"@type":"WebPage","@id":"https:\/\/barcelona-logistica.es\/ca\/faq\/","url":"https:\/\/barcelona-logistica.es\/ca\/faq\/","name":"Barcelona Logistics | 4PL Provider - Transport, Storage and More","isPartOf":{"@id":"https:\/\/barcelona-logistica.es\/ca\/#website"},"datePublished":"2024-11-22T15:19:40+00:00","dateModified":"2024-11-27T09:42:50+00:00","description":"Deixa'ns crear la teva soluci\u00f3 log\u00edstica completa ideal. No confieu en una sola empresa de log\u00edstica a Barcelona. Escollim els millors serveis de tots ells.","breadcrumb":{"@id":"https:\/\/barcelona-logistica.es\/ca\/faq\/#breadcrumb"},"inLanguage":"ca","potentialAction":[{"@type":"ReadAction","target":["https:\/\/barcelona-logistica.es\/ca\/faq\/"]}]},{"@type":"BreadcrumbList","@id":"https:\/\/barcelona-logistica.es\/ca\/faq\/#breadcrumb","itemListElement":[{"@type":"ListItem","position":1,"name":"Inici","item":"https:\/\/barcelona-logistica.es\/ca\/"},{"@type":"ListItem","position":2,"name":"FAQ"}]},{"@type":"WebSite","@id":"https:\/\/barcelona-logistica.es\/ca\/#website","url":"https:\/\/barcelona-logistica.es\/ca\/","name":"DRG Solutions","description":"","publisher":{"@id":"https:\/\/barcelona-logistica.es\/ca\/#organization"},"potentialAction":[{"@type":"SearchAction","target":{"@type":"EntryPoint","urlTemplate":"https:\/\/barcelona-logistica.es\/ca\/?s={search_term_string}"},"query-input":{"@type":"PropertyValueSpecification","valueRequired":true,"valueName":"search_term_string"}}],"inLanguage":"ca"},{"@type":"Organization","@id":"https:\/\/barcelona-logistica.es\/ca\/#organization","name":"DRG SOLUTIONS, SL","url":"https:\/\/barcelona-logistica.es\/ca\/","logo":{"@type":"ImageObject","inLanguage":"ca","@id":"https:\/\/barcelona-logistica.es\/ca\/#\/schema\/logo\/image\/","url":"https:\/\/barcelona-logistica.es\/wp-content\/uploads\/2020\/06\/LOGO-DRG-512x512-1.png","contentUrl":"https:\/\/barcelona-logistica.es\/wp-content\/uploads\/2020\/06\/LOGO-DRG-512x512-1.png","width":512,"height":512,"caption":"DRG SOLUTIONS, SL"},"image":{"@id":"https:\/\/barcelona-logistica.es\/ca\/#\/schema\/logo\/image\/"}}]}},"_links":{"self":[{"href":"https:\/\/barcelona-logistica.es\/ca\/wp-json\/wp\/v2\/pages\/12196","targetHints":{"allow":["GET"]}}],"collection":[{"href":"https:\/\/barcelona-logistica.es\/ca\/wp-json\/wp\/v2\/pages"}],"about":[{"href":"https:\/\/barcelona-logistica.es\/ca\/wp-json\/wp\/v2\/types\/page"}],"author":[{"embeddable":true,"href":"https:\/\/barcelona-logistica.es\/ca\/wp-json\/wp\/v2\/users\/1"}],"replies":[{"embeddable":true,"href":"https:\/\/barcelona-logistica.es\/ca\/wp-json\/wp\/v2\/comments?post=12196"}],"version-history":[{"count":2,"href":"https:\/\/barcelona-logistica.es\/ca\/wp-json\/wp\/v2\/pages\/12196\/revisions"}],"predecessor-version":[{"id":12270,"href":"https:\/\/barcelona-logistica.es\/ca\/wp-json\/wp\/v2\/pages\/12196\/revisions\/12270"}],"wp:attachment":[{"href":"https:\/\/barcelona-logistica.es\/ca\/wp-json\/wp\/v2\/media?parent=12196"}],"curies":[{"name":"wp","href":"https:\/\/api.w.org\/{rel}","templated":true}]}}