{"id":12186,"date":"2024-11-22T14:49:07","date_gmt":"2024-11-22T14:49:07","guid":{"rendered":"https:\/\/drg.dev.localfame.com\/domestic-distribution\/"},"modified":"2024-11-22T14:49:07","modified_gmt":"2024-11-22T14:49:07","slug":"domestic-distribution","status":"publish","type":"page","link":"https:\/\/barcelona-logistica.es\/ca\/domestic-distribution\/","title":{"rendered":"Domestic distribution"},"content":{"rendered":"\n<div class=\"wp-block-group alignfull hero has-global-padding is-layout-constrained wp-block-group-is-layout-constrained has-background\" style=\"padding-top:var(--wp--preset--spacing--80);padding-bottom:var(--wp--preset--spacing--80);background-image:url(&apos;https:\/\/barcelona-logistica.es\/wp-content\/uploads\/2020\/07\/domestic-distribution-1.jpg&apos;);background-position:100% 50%;background-repeat:no-repeat;background-size:contain;\">\n<div class=\"wp-block-columns alignwide is-layout-flex wp-container-core-columns-is-layout-701c2d95 wp-block-columns-is-layout-flex\" style=\"padding-top:var(--wp--preset--spacing--80);padding-bottom:var(--wp--preset--spacing--80)\">\n<div class=\"wp-block-column is-layout-flow wp-block-column-is-layout-flow\" style=\"padding-top:var(--wp--preset--spacing--70);flex-basis:55%\">\n<h1 class=\"wp-block-heading has-white-color has-text-color has-link-color wp-elements-fde72bde6fe64ce4dac64ec237f58db4\" style=\"line-height:1.2\">Aconsegueix la millor combinaci\u00f3 de serveis de transport a Barcelona<\/h1>\n\n\n\n<p class=\"has-white-color has-text-color has-link-color has-medium-font-size wp-elements-67642474ffe6270262b7320ac3df6bc5\">La millor soluci\u00f3 sempre ser\u00e0 una que estigui feta a la mida de les seves necessitats<\/p>\n\n\n\n<div class=\"wp-block-buttons is-layout-flex wp-block-buttons-is-layout-flex\">\n<div class=\"wp-block-button\"><a class=\"wp-block-button__link wp-element-button\" href=\"https:\/\/barcelona-logistica.es\/ca\/contactanos\/\" style=\"border-radius:5px\">Posa\u2019t en contacte<\/a><\/div>\n<\/div>\n<\/div>\n\n\n\n<div class=\"wp-block-column is-layout-flow wp-block-column-is-layout-flow\" style=\"flex-basis:45%\"><\/div>\n<\/div>\n<\/div>\n\n<div class=\"wp-block-group alignfull has-global-padding is-layout-constrained wp-block-group-is-layout-constrained\" style=\"margin-top:var(--wp--preset--spacing--80);margin-bottom:var(--wp--preset--spacing--80)\">\n<div class=\"wp-block-columns alignwide are-vertically-aligned-center is-layout-flex wp-container-core-columns-is-layout-14cf5ab5 wp-block-columns-is-layout-flex\">\n<div class=\"wp-block-column is-vertically-aligned-center is-layout-flow wp-block-column-is-layout-flow\">\n<figure class=\"wp-block-image size-full has-custom-border\"><img loading=\"lazy\" decoding=\"async\" width=\"450\" height=\"523\" src=\"https:\/\/barcelona-logistica.es\/wp-content\/uploads\/2020\/07\/domestic-distribution-drg-2.jpg\" alt=\"Medida por Sectores Barcelona\" class=\"wp-image-1404\" style=\"border-radius:25px\" srcset=\"https:\/\/barcelona-logistica.es\/wp-content\/uploads\/2020\/07\/domestic-distribution-drg-2.jpg 450w, https:\/\/barcelona-logistica.es\/wp-content\/uploads\/2020\/07\/domestic-distribution-drg-2-258x300.jpg 258w\" sizes=\"auto, (max-width: 450px) 100vw, 450px\" \/><\/figure>\n<\/div>\n\n\n\n<div class=\"wp-block-column is-vertically-aligned-center is-layout-flow wp-block-column-is-layout-flow\">\n<h2 class=\"wp-block-heading\">About Domestic Distribution<\/h2>\n\n\n\n<p>Treballa amb una sola empresa de transport a Barcelona o a qualsevol part de m\u00f3n i nom\u00e9s obtindr\u00e0s una \u00fanica soluci\u00f3. \u00c9s un enfocament de talla \u00fanica que rarament obtindr\u00e0 el que necessita. <\/p>\n\n\n\n<p>Aqu\u00ed \u00e9s on entra la nostra opci\u00f3 de consultoria de distribuci\u00f3 dom\u00e8stica. Els problemes de log\u00edstica de Barcelona mai han estat tan f\u00e0cils de resoldre. Demani&#8217;ns que l&#8217;assessorem i gestionem la seva cadena de subministrament i crearem una soluci\u00f3 log\u00edstica exclusiva vostra. Ho farem combinant totes les opcions m\u00e9s eficients i efectives ofertes per totes les empreses de transport de l&#8217;\u00e0rea de Barcelona.   <\/p>\n<\/div>\n<\/div>\n<\/div>\n\n<div style=\"background-image:url(&apos;https:\/\/barcelona-logistica.es\/wp-content\/uploads\/2024\/11\/containers-export-drg-cta-min.jpg&apos;);background-position:50% 50%;background-size:cover;\" class=\"wp-block-group has-global-padding is-layout-constrained wp-block-group-is-layout-constrained has-background\">\n<div class=\"wp-block-columns are-vertically-aligned-center is-layout-flex wp-container-core-columns-is-layout-a54e0cfc wp-block-columns-is-layout-flex\" style=\"padding-top:var(--wp--preset--spacing--60);padding-bottom:var(--wp--preset--spacing--60)\">\n<div class=\"wp-block-column is-vertically-aligned-center is-layout-flow wp-block-column-is-layout-flow\" style=\"flex-basis:66.66%\">\n<p class=\"has-white-color has-text-color has-link-color has-large-font-size wp-elements-1d9dcfd379d0b9c7387b46c819f1555c\"><strong>Millora la log\u00edstica del teu negoci avui mateix!<\/strong><\/p>\n<\/div>\n\n\n\n<div class=\"wp-block-column is-vertically-aligned-center is-layout-flow wp-block-column-is-layout-flow\" style=\"flex-basis:33.33%\">\n<div class=\"wp-block-buttons is-content-justification-center is-layout-flex wp-container-core-buttons-is-layout-a89b3969 wp-block-buttons-is-layout-flex\">\n<div class=\"wp-block-button\"><a class=\"wp-block-button__link wp-element-button\" href=\"\/ca\/contactanos\/\" style=\"border-radius:5px\">Posa\u2019t en contacte<\/a><\/div>\n<\/div>\n<\/div>\n<\/div>\n<\/div>\n\n<div class=\"wp-block-group alignfull has-global-padding is-layout-constrained wp-block-group-is-layout-constrained\" style=\"margin-top:var(--wp--preset--spacing--60);margin-bottom:var(--wp--preset--spacing--20)\">\n<div class=\"wp-block-columns alignwide is-layout-flex wp-container-core-columns-is-layout-14cf5ab5 wp-block-columns-is-layout-flex\">\n<div class=\"wp-block-column is-vertically-aligned-center is-layout-flow wp-block-column-is-layout-flow\" style=\"padding-top:var(--wp--preset--spacing--40);padding-bottom:var(--wp--preset--spacing--40)\">\n<h2 class=\"wp-block-heading has-text-align-center\">Distribuci\u00f3 Dom\u00e8stica<\/h2>\n\n\n\n<p class=\"has-text-align-center\">Podr\u00e0 estar tranquil sabent que no est\u00e0 perdent el seu temps i diners en portar les seves mercaderies a on han d\u2019anar.<\/p>\n\n\n\n<p class=\"has-text-align-center\">Mentre que vost\u00e8 torna a concentrar-se en tota la resta que es requereix per dirigir un negoci exit\u00f3s.<\/p>\n<\/div>\n<\/div>\n<\/div>\n\n<div class=\"wp-block-group alignfull has-global-padding is-layout-constrained wp-block-group-is-layout-constrained\" style=\"margin-top:0;margin-bottom:0\">\n<div class=\"wp-block-columns alignwide are-vertically-aligned-center is-layout-flex wp-container-core-columns-is-layout-14cf5ab5 wp-block-columns-is-layout-flex\">\n<div class=\"wp-block-column is-vertically-aligned-center is-layout-flow wp-block-column-is-layout-flow\" style=\"padding-top:0;padding-bottom:0\">\n<div class=\"wp-block-group has-global-padding is-layout-constrained wp-container-core-group-is-layout-c748ba87 wp-block-group-is-layout-constrained\" style=\"border-left-color:var(--wp--preset--color--vivid-red);padding-left:var(--wp--preset--spacing--40)\">\n<p><strong>Lliurament directa de porta a porta<\/strong> pots configurar la teva distribuci\u00f3 dom\u00e8stica perqu\u00e8 sigui realment de porta a porta. Aix\u00f2 podria significar que necessites una soluci\u00f3 global local, nacional o internacional. Qualsevol que sigui l&#8217;escala de la capacitat de lliurament que necessitis organitzar, podem fer que passi.   <\/p>\n\n\n\n<p><strong>Consolidaci\u00f3 eficient d&#8217;enviaments individuals<\/strong> la manera d&#8217;obtenir la millor relaci\u00f3 qualitat-preu \u00e9s combinar les mercaderies en el menor nombre d&#8217;enviaments possible. Normalment, aix\u00f2 pot ser un desafiament addicional. No quan nosaltres ho fem servir per tu.  <\/p>\n\n\n\n<p><strong>Enviaments aeris, mar\u00edtims i ferroviaris<\/strong> la nostra prioritat sempre ser\u00e0 triar la millor opci\u00f3 per a les teves necessitats particulars. Enviaments aeris, mar\u00edtims, ferroviaris o per carretera. O qualsevol combinaci\u00f3 de les anteriors.  <\/p>\n\n\n\n<p><strong>Transpar\u00e8ncia integral dels serveis<\/strong> una altra forma d&#8217;assegurar-te que mai gastis m\u00e9s del que \u00e9s necessari en el teu log\u00edstica \u00e9s garantir una transpar\u00e8ncia total en tot moment. Aix\u00f2 \u00e9s una cosa que sempre proporcionem.  <\/p>\n<\/div>\n<\/div>\n\n\n\n<div class=\"wp-block-column is-vertically-aligned-center is-layout-flow wp-block-column-is-layout-flow\">\n<figure class=\"wp-block-image size-full has-custom-border\"><img loading=\"lazy\" decoding=\"async\" width=\"2048\" height=\"2560\" src=\"https:\/\/barcelona-logistica.es\/wp-content\/uploads\/2020\/06\/package-scaled.jpg\" alt=\"servicio de embalaje Barcelona\" class=\"wp-image-971\" style=\"border-radius:25px;aspect-ratio:1;object-fit:cover\" srcset=\"https:\/\/barcelona-logistica.es\/wp-content\/uploads\/2020\/06\/package-scaled.jpg 2048w, https:\/\/barcelona-logistica.es\/wp-content\/uploads\/2020\/06\/package-240x300.jpg 240w, https:\/\/barcelona-logistica.es\/wp-content\/uploads\/2020\/06\/package-819x1024.jpg 819w, https:\/\/barcelona-logistica.es\/wp-content\/uploads\/2020\/06\/package-768x960.jpg 768w, https:\/\/barcelona-logistica.es\/wp-content\/uploads\/2020\/06\/package-1229x1536.jpg 1229w, https:\/\/barcelona-logistica.es\/wp-content\/uploads\/2020\/06\/package-1639x2048.jpg 1639w\" sizes=\"auto, (max-width: 2048px) 100vw, 2048px\" \/><\/figure>\n<\/div>\n<\/div>\n<\/div>\n","protected":false},"excerpt":{"rendered":"<p>Aconsegueix la millor combinaci\u00f3 de serveis de transport a Barcelona La millor soluci\u00f3 sempre ser\u00e0 una que estigui feta a la mida de les seves necessitats About Domestic Distribution Treballa amb una sola empresa de transport a Barcelona o a qualsevol part de m\u00f3n i nom\u00e9s obtindr\u00e0s una \u00fanica soluci\u00f3. \u00c9s un enfocament de talla [&hellip;]<\/p>\n","protected":false},"author":1,"featured_media":0,"parent":0,"menu_order":0,"comment_status":"closed","ping_status":"closed","template":"","meta":{"pgc_sgb_lightbox_settings":"","footnotes":""},"class_list":["post-12186","page","type-page","status-publish","hentry"],"yoast_head":"<!-- This site is optimized with the Yoast SEO plugin v26.5 - https:\/\/yoast.com\/wordpress\/plugins\/seo\/ -->\n<title>Barcelona Logistics | 4PL Provider - Transport, Storage and More<\/title>\n<meta name=\"description\" content=\"Deixa&#039;ns crear la teva soluci\u00f3 log\u00edstica completa ideal. No confieu en una sola empresa de log\u00edstica a Barcelona. Escollim els millors serveis de tots ells.\" \/>\n<meta name=\"robots\" content=\"index, follow, max-snippet:-1, max-image-preview:large, max-video-preview:-1\" \/>\n<link rel=\"canonical\" href=\"https:\/\/barcelona-logistica.es\/ca\/domestic-distribution\/\" \/>\n<meta property=\"og:locale\" content=\"ca_ES\" \/>\n<meta property=\"og:type\" content=\"article\" \/>\n<meta property=\"og:title\" content=\"Barcelona Logistics | 4PL Provider - Transport, Storage and More\" \/>\n<meta property=\"og:description\" content=\"Deixa&#039;ns crear la teva soluci\u00f3 log\u00edstica completa ideal. No confieu en una sola empresa de log\u00edstica a Barcelona. Escollim els millors serveis de tots ells.\" \/>\n<meta property=\"og:url\" content=\"https:\/\/barcelona-logistica.es\/ca\/domestic-distribution\/\" \/>\n<meta property=\"og:site_name\" content=\"DRG Solutions\" \/>\n<meta property=\"og:image\" content=\"https:\/\/barcelona-logistica.es\/wp-content\/uploads\/2020\/07\/domestic-distribution-drg-2.jpg\" \/>\n\t<meta property=\"og:image:width\" content=\"450\" \/>\n\t<meta property=\"og:image:height\" content=\"523\" \/>\n\t<meta property=\"og:image:type\" content=\"image\/jpeg\" \/>\n<meta name=\"twitter:card\" content=\"summary_large_image\" \/>\n<meta name=\"twitter:label1\" content=\"Temps estimat de lectura\" \/>\n\t<meta name=\"twitter:data1\" content=\"2 minuts\" \/>\n<script type=\"application\/ld+json\" class=\"yoast-schema-graph\">{\"@context\":\"https:\/\/schema.org\",\"@graph\":[{\"@type\":\"WebPage\",\"@id\":\"https:\/\/barcelona-logistica.es\/ca\/domestic-distribution\/\",\"url\":\"https:\/\/barcelona-logistica.es\/ca\/domestic-distribution\/\",\"name\":\"Barcelona Logistics | 4PL Provider - Transport, Storage and More\",\"isPartOf\":{\"@id\":\"https:\/\/barcelona-logistica.es\/ca\/#website\"},\"primaryImageOfPage\":{\"@id\":\"https:\/\/barcelona-logistica.es\/ca\/domestic-distribution\/#primaryimage\"},\"image\":{\"@id\":\"https:\/\/barcelona-logistica.es\/ca\/domestic-distribution\/#primaryimage\"},\"thumbnailUrl\":\"https:\/\/barcelona-logistica.es\/wp-content\/uploads\/2020\/07\/domestic-distribution-drg-2.jpg\",\"datePublished\":\"2024-11-22T14:49:07+00:00\",\"description\":\"Deixa'ns crear la teva soluci\u00f3 log\u00edstica completa ideal. No confieu en una sola empresa de log\u00edstica a Barcelona. Escollim els millors serveis de tots ells.\",\"breadcrumb\":{\"@id\":\"https:\/\/barcelona-logistica.es\/ca\/domestic-distribution\/#breadcrumb\"},\"inLanguage\":\"ca\",\"potentialAction\":[{\"@type\":\"ReadAction\",\"target\":[\"https:\/\/barcelona-logistica.es\/ca\/domestic-distribution\/\"]}]},{\"@type\":\"ImageObject\",\"inLanguage\":\"ca\",\"@id\":\"https:\/\/barcelona-logistica.es\/ca\/domestic-distribution\/#primaryimage\",\"url\":\"https:\/\/barcelona-logistica.es\/wp-content\/uploads\/2020\/07\/domestic-distribution-drg-2.jpg\",\"contentUrl\":\"https:\/\/barcelona-logistica.es\/wp-content\/uploads\/2020\/07\/domestic-distribution-drg-2.jpg\"},{\"@type\":\"BreadcrumbList\",\"@id\":\"https:\/\/barcelona-logistica.es\/ca\/domestic-distribution\/#breadcrumb\",\"itemListElement\":[{\"@type\":\"ListItem\",\"position\":1,\"name\":\"Inici\",\"item\":\"https:\/\/barcelona-logistica.es\/ca\/\"},{\"@type\":\"ListItem\",\"position\":2,\"name\":\"Domestic distribution\"}]},{\"@type\":\"WebSite\",\"@id\":\"https:\/\/barcelona-logistica.es\/ca\/#website\",\"url\":\"https:\/\/barcelona-logistica.es\/ca\/\",\"name\":\"DRG Solutions\",\"description\":\"\",\"publisher\":{\"@id\":\"https:\/\/barcelona-logistica.es\/ca\/#organization\"},\"potentialAction\":[{\"@type\":\"SearchAction\",\"target\":{\"@type\":\"EntryPoint\",\"urlTemplate\":\"https:\/\/barcelona-logistica.es\/ca\/?s={search_term_string}\"},\"query-input\":{\"@type\":\"PropertyValueSpecification\",\"valueRequired\":true,\"valueName\":\"search_term_string\"}}],\"inLanguage\":\"ca\"},{\"@type\":\"Organization\",\"@id\":\"https:\/\/barcelona-logistica.es\/ca\/#organization\",\"name\":\"DRG SOLUTIONS, SL\",\"url\":\"https:\/\/barcelona-logistica.es\/ca\/\",\"logo\":{\"@type\":\"ImageObject\",\"inLanguage\":\"ca\",\"@id\":\"https:\/\/barcelona-logistica.es\/ca\/#\/schema\/logo\/image\/\",\"url\":\"https:\/\/barcelona-logistica.es\/wp-content\/uploads\/2020\/06\/LOGO-DRG-512x512-1.png\",\"contentUrl\":\"https:\/\/barcelona-logistica.es\/wp-content\/uploads\/2020\/06\/LOGO-DRG-512x512-1.png\",\"width\":512,\"height\":512,\"caption\":\"DRG SOLUTIONS, SL\"},\"image\":{\"@id\":\"https:\/\/barcelona-logistica.es\/ca\/#\/schema\/logo\/image\/\"}}]}<\/script>\n<!-- \/ Yoast SEO plugin. -->","yoast_head_json":{"title":"Barcelona Logistics | 4PL Provider - Transport, Storage and More","description":"Deixa'ns crear la teva soluci\u00f3 log\u00edstica completa ideal. No confieu en una sola empresa de log\u00edstica a Barcelona. Escollim els millors serveis de tots ells.","robots":{"index":"index","follow":"follow","max-snippet":"max-snippet:-1","max-image-preview":"max-image-preview:large","max-video-preview":"max-video-preview:-1"},"canonical":"https:\/\/barcelona-logistica.es\/ca\/domestic-distribution\/","og_locale":"ca_ES","og_type":"article","og_title":"Barcelona Logistics | 4PL Provider - Transport, Storage and More","og_description":"Deixa'ns crear la teva soluci\u00f3 log\u00edstica completa ideal. No confieu en una sola empresa de log\u00edstica a Barcelona. Escollim els millors serveis de tots ells.","og_url":"https:\/\/barcelona-logistica.es\/ca\/domestic-distribution\/","og_site_name":"DRG Solutions","og_image":[{"width":450,"height":523,"url":"https:\/\/barcelona-logistica.es\/wp-content\/uploads\/2020\/07\/domestic-distribution-drg-2.jpg","type":"image\/jpeg"}],"twitter_card":"summary_large_image","twitter_misc":{"Temps estimat de lectura":"2 minuts"},"schema":{"@context":"https:\/\/schema.org","@graph":[{"@type":"WebPage","@id":"https:\/\/barcelona-logistica.es\/ca\/domestic-distribution\/","url":"https:\/\/barcelona-logistica.es\/ca\/domestic-distribution\/","name":"Barcelona Logistics | 4PL Provider - Transport, Storage and More","isPartOf":{"@id":"https:\/\/barcelona-logistica.es\/ca\/#website"},"primaryImageOfPage":{"@id":"https:\/\/barcelona-logistica.es\/ca\/domestic-distribution\/#primaryimage"},"image":{"@id":"https:\/\/barcelona-logistica.es\/ca\/domestic-distribution\/#primaryimage"},"thumbnailUrl":"https:\/\/barcelona-logistica.es\/wp-content\/uploads\/2020\/07\/domestic-distribution-drg-2.jpg","datePublished":"2024-11-22T14:49:07+00:00","description":"Deixa'ns crear la teva soluci\u00f3 log\u00edstica completa ideal. No confieu en una sola empresa de log\u00edstica a Barcelona. Escollim els millors serveis de tots ells.","breadcrumb":{"@id":"https:\/\/barcelona-logistica.es\/ca\/domestic-distribution\/#breadcrumb"},"inLanguage":"ca","potentialAction":[{"@type":"ReadAction","target":["https:\/\/barcelona-logistica.es\/ca\/domestic-distribution\/"]}]},{"@type":"ImageObject","inLanguage":"ca","@id":"https:\/\/barcelona-logistica.es\/ca\/domestic-distribution\/#primaryimage","url":"https:\/\/barcelona-logistica.es\/wp-content\/uploads\/2020\/07\/domestic-distribution-drg-2.jpg","contentUrl":"https:\/\/barcelona-logistica.es\/wp-content\/uploads\/2020\/07\/domestic-distribution-drg-2.jpg"},{"@type":"BreadcrumbList","@id":"https:\/\/barcelona-logistica.es\/ca\/domestic-distribution\/#breadcrumb","itemListElement":[{"@type":"ListItem","position":1,"name":"Inici","item":"https:\/\/barcelona-logistica.es\/ca\/"},{"@type":"ListItem","position":2,"name":"Domestic distribution"}]},{"@type":"WebSite","@id":"https:\/\/barcelona-logistica.es\/ca\/#website","url":"https:\/\/barcelona-logistica.es\/ca\/","name":"DRG Solutions","description":"","publisher":{"@id":"https:\/\/barcelona-logistica.es\/ca\/#organization"},"potentialAction":[{"@type":"SearchAction","target":{"@type":"EntryPoint","urlTemplate":"https:\/\/barcelona-logistica.es\/ca\/?s={search_term_string}"},"query-input":{"@type":"PropertyValueSpecification","valueRequired":true,"valueName":"search_term_string"}}],"inLanguage":"ca"},{"@type":"Organization","@id":"https:\/\/barcelona-logistica.es\/ca\/#organization","name":"DRG SOLUTIONS, SL","url":"https:\/\/barcelona-logistica.es\/ca\/","logo":{"@type":"ImageObject","inLanguage":"ca","@id":"https:\/\/barcelona-logistica.es\/ca\/#\/schema\/logo\/image\/","url":"https:\/\/barcelona-logistica.es\/wp-content\/uploads\/2020\/06\/LOGO-DRG-512x512-1.png","contentUrl":"https:\/\/barcelona-logistica.es\/wp-content\/uploads\/2020\/06\/LOGO-DRG-512x512-1.png","width":512,"height":512,"caption":"DRG SOLUTIONS, SL"},"image":{"@id":"https:\/\/barcelona-logistica.es\/ca\/#\/schema\/logo\/image\/"}}]}},"_links":{"self":[{"href":"https:\/\/barcelona-logistica.es\/ca\/wp-json\/wp\/v2\/pages\/12186","targetHints":{"allow":["GET"]}}],"collection":[{"href":"https:\/\/barcelona-logistica.es\/ca\/wp-json\/wp\/v2\/pages"}],"about":[{"href":"https:\/\/barcelona-logistica.es\/ca\/wp-json\/wp\/v2\/types\/page"}],"author":[{"embeddable":true,"href":"https:\/\/barcelona-logistica.es\/ca\/wp-json\/wp\/v2\/users\/1"}],"replies":[{"embeddable":true,"href":"https:\/\/barcelona-logistica.es\/ca\/wp-json\/wp\/v2\/comments?post=12186"}],"version-history":[{"count":1,"href":"https:\/\/barcelona-logistica.es\/ca\/wp-json\/wp\/v2\/pages\/12186\/revisions"}],"predecessor-version":[{"id":12187,"href":"https:\/\/barcelona-logistica.es\/ca\/wp-json\/wp\/v2\/pages\/12186\/revisions\/12187"}],"wp:attachment":[{"href":"https:\/\/barcelona-logistica.es\/ca\/wp-json\/wp\/v2\/media?parent=12186"}],"curies":[{"name":"wp","href":"https:\/\/api.w.org\/{rel}","templated":true}]}}