{"id":12184,"date":"2024-11-22T14:45:15","date_gmt":"2024-11-22T14:45:15","guid":{"rendered":"https:\/\/drg.dev.localfame.com\/mercaderia-perillosa\/"},"modified":"2024-11-27T09:33:31","modified_gmt":"2024-11-27T09:33:31","slug":"mercaderia-perillosa","status":"publish","type":"page","link":"https:\/\/barcelona-logistica.es\/ca\/mercaderia-perillosa\/","title":{"rendered":"Mercaderia perillosa"},"content":{"rendered":"\n<div class=\"wp-block-group alignfull hero has-global-padding is-layout-constrained wp-block-group-is-layout-constrained has-background\" style=\"padding-top:var(--wp--preset--spacing--80);padding-bottom:var(--wp--preset--spacing--80);background-image:url(&apos;https:\/\/barcelona-logistica.es\/wp-content\/uploads\/2024\/11\/attention-min.jpg&apos;);background-position:100% 50%;background-repeat:no-repeat;background-size:auto;\">\n<div class=\"wp-block-columns alignwide is-layout-flex wp-container-core-columns-is-layout-701c2d95 wp-block-columns-is-layout-flex\" style=\"padding-top:var(--wp--preset--spacing--80);padding-bottom:var(--wp--preset--spacing--80)\">\n<div class=\"wp-block-column is-layout-flow wp-block-column-is-layout-flow\" style=\"padding-top:var(--wp--preset--spacing--70);flex-basis:55%\">\n<h1 class=\"wp-block-heading has-white-color has-text-color has-link-color wp-elements-c89396c6e432a32957756c066f1dcf9a\" style=\"line-height:1.2\">El transport de mercaderies perilloses fet segur i simple<\/h1>\n\n\n\n<p class=\"has-white-color has-text-color has-link-color has-medium-font-size wp-elements-7a4e91bafef2157ccc0e224506dc95e7\">El transport de mercaderies perilloses \u00e9s una \u00e0rea especialitzada de la log\u00edstica. Per\u00f2 \u00e9s una en la qual tenim molta experi\u00e8ncia. <\/p>\n\n\n\n<div class=\"wp-block-buttons is-layout-flex wp-block-buttons-is-layout-flex\">\n<div class=\"wp-block-button\"><a class=\"wp-block-button__link wp-element-button\" href=\"https:\/\/barcelona-logistica.es\/ca\/contactanos\/\" style=\"border-radius:5px\">Posa\u2019t en contacte<\/a><\/div>\n<\/div>\n<\/div>\n\n\n\n<div class=\"wp-block-column is-layout-flow wp-block-column-is-layout-flow\" style=\"flex-basis:45%\"><\/div>\n<\/div>\n<\/div>\n\n<div class=\"wp-block-group alignfull has-global-padding is-layout-constrained wp-block-group-is-layout-constrained\" style=\"margin-top:var(--wp--preset--spacing--80);margin-bottom:var(--wp--preset--spacing--80)\">\n<div class=\"wp-block-columns alignwide are-vertically-aligned-center is-layout-flex wp-container-core-columns-is-layout-14cf5ab5 wp-block-columns-is-layout-flex\">\n<div class=\"wp-block-column is-vertically-aligned-center is-layout-flow wp-block-column-is-layout-flow\">\n<figure class=\"wp-block-image size-full has-custom-border\"><img loading=\"lazy\" decoding=\"async\" width=\"2560\" height=\"1704\" src=\"https:\/\/barcelona-logistica.es\/wp-content\/uploads\/2020\/07\/chemicals-delivery-barcelona-scaled.jpg\" alt=\"Log&#xED;stica Qu&#xED;mica Especializada en Barcelona\" class=\"wp-image-1281\" style=\"border-radius:25px\" srcset=\"https:\/\/barcelona-logistica.es\/wp-content\/uploads\/2020\/07\/chemicals-delivery-barcelona-scaled.jpg 2560w, https:\/\/barcelona-logistica.es\/wp-content\/uploads\/2020\/07\/chemicals-delivery-barcelona-300x200.jpg 300w, https:\/\/barcelona-logistica.es\/wp-content\/uploads\/2020\/07\/chemicals-delivery-barcelona-1024x682.jpg 1024w, https:\/\/barcelona-logistica.es\/wp-content\/uploads\/2020\/07\/chemicals-delivery-barcelona-768x511.jpg 768w, https:\/\/barcelona-logistica.es\/wp-content\/uploads\/2020\/07\/chemicals-delivery-barcelona-1536x1022.jpg 1536w, https:\/\/barcelona-logistica.es\/wp-content\/uploads\/2020\/07\/chemicals-delivery-barcelona-2048x1363.jpg 2048w\" sizes=\"auto, (max-width: 2560px) 100vw, 2560px\" \/><\/figure>\n<\/div>\n\n\n\n<div class=\"wp-block-column is-vertically-aligned-center is-layout-flow wp-block-column-is-layout-flow\">\n<h2 class=\"wp-block-heading\">About Dangerous Goods Transportation<\/h2>\n\n\n\n<p>Amb les rares excepcions aqu\u00ed descrites, podem ajudar-te a trobar el transportista de mercaderies perilloses ideal per a gaireb\u00e9 qualsevol material que puguis necessitar transportar.<\/p>\n\n\n\n<p>El transport de mercaderies perilloses ha de realitzar-se d&#8217;acord amb les normes nacionals i internacionals. Aquestes varien depenent de la manera de transport que s&#8217;utilitzi. <\/p>\n\n\n\n<p>Les normes abasten aspectes com la quantitat de mercaderies perilloses que \u00e9s possible transportar, l&#8217;embalatge necessari i les llistes de mercaderies que no poden transportar-se en el mateix contenidor o vehicle.<\/p>\n<\/div>\n<\/div>\n<\/div>\n\n<div style=\"background-image:url(&apos;https:\/\/barcelona-logistica.es\/wp-content\/uploads\/2024\/11\/containers-export-drg-cta-min.jpg&apos;);background-position:50% 50%;background-size:cover;\" class=\"wp-block-group has-global-padding is-layout-constrained wp-block-group-is-layout-constrained has-background\">\n<div class=\"wp-block-columns are-vertically-aligned-center is-layout-flex wp-container-core-columns-is-layout-a54e0cfc wp-block-columns-is-layout-flex\" style=\"padding-top:var(--wp--preset--spacing--60);padding-bottom:var(--wp--preset--spacing--60)\">\n<div class=\"wp-block-column is-vertically-aligned-center is-layout-flow wp-block-column-is-layout-flow\" style=\"flex-basis:66.66%\">\n<p class=\"has-white-color has-text-color has-link-color has-large-font-size wp-elements-1d9dcfd379d0b9c7387b46c819f1555c\"><strong>Millora la log\u00edstica del teu negoci avui mateix!<\/strong><\/p>\n<\/div>\n\n\n\n<div class=\"wp-block-column is-vertically-aligned-center is-layout-flow wp-block-column-is-layout-flow\" style=\"flex-basis:33.33%\">\n<div class=\"wp-block-buttons is-content-justification-center is-layout-flex wp-container-core-buttons-is-layout-a89b3969 wp-block-buttons-is-layout-flex\">\n<div class=\"wp-block-button\"><a class=\"wp-block-button__link wp-element-button\" href=\"\/ca\/contactanos\/\" style=\"border-radius:5px\">Posa\u2019t en contacte<\/a><\/div>\n<\/div>\n<\/div>\n<\/div>\n<\/div>\n\n<div class=\"wp-block-group alignfull has-global-padding is-layout-constrained wp-block-group-is-layout-constrained\" style=\"margin-top:var(--wp--preset--spacing--60);margin-bottom:var(--wp--preset--spacing--20)\">\n<div class=\"wp-block-columns alignwide is-layout-flex wp-container-core-columns-is-layout-14cf5ab5 wp-block-columns-is-layout-flex\">\n<div class=\"wp-block-column is-vertically-aligned-center is-layout-flow wp-block-column-is-layout-flow\" style=\"padding-top:var(--wp--preset--spacing--40);padding-bottom:var(--wp--preset--spacing--40)\">\n<h2 class=\"wp-block-heading has-text-align-center\">Maneig de log\u00edstica de mercaderies perilloses<\/h2>\n\n\n\n<p class=\"has-text-align-center\">Tot el que has de fer \u00e9s comunicar-nos el que necessites transportar i els punts de dest\u00ed i sortida. Crearem la soluci\u00f3 ideal per al transport de qualsevol mercaderia perillosa que puguis tenir. <\/p>\n<\/div>\n<\/div>\n<\/div>\n\n<div class=\"wp-block-group alignfull has-global-padding is-layout-constrained wp-block-group-is-layout-constrained\" style=\"margin-top:0;margin-bottom:var(--wp--preset--spacing--70)\">\n<div class=\"wp-block-columns alignwide are-vertically-aligned-center is-layout-flex wp-container-core-columns-is-layout-14cf5ab5 wp-block-columns-is-layout-flex\">\n<div class=\"wp-block-column is-vertically-aligned-center is-layout-flow wp-block-column-is-layout-flow\" style=\"padding-top:0;padding-bottom:0\">\n<p>Pots confiar en nosaltres per a buscar entre tots els tipus de transport de mercaderies perilloses disponibles, a fi de trobar la soluci\u00f3 o combinaci\u00f3 que millor s&#8217;adapti a les teves necessitats particulars. <\/p>\n\n\n\n<p>El marcat de les unitats de transport. El maneig de documents. Declaracions a les autoritats. Notificaci\u00f3 a les companyies navilieres especialitzades. Maneguem tots els aspectes del transport de mercaderies que podrien classificar-se com a perilloses o arriscades en el teu nom.    <\/p>\n\n\n\n<p>Sempre buscarem empreses de transport que entenguin l&#8217;important que \u00e9s complir amb les regulacions del ADR. Aquest \u00e9s l&#8217;Acord Europeu sobre el Transport Internacional de Mercaderies Perilloses per Carretera, que s&#8217;actualitza cada dos anys per la Comissi\u00f3 Econ\u00f2mica de les Nacions Unides per a Europa (CEPE). Tamb\u00e9 hi ha normes i reglaments de la UE que han de complir-si es vol enviar mercaderies perilloses a, des de o al voltant d&#8217;Europa.  <\/p>\n\n\n\n<p>Sempre busquem prove\u00efdors amb els certificats de mercaderies perilloses correctes i altres permisos necessaris.<\/p>\n<\/div>\n\n\n\n<div class=\"wp-block-column is-vertically-aligned-center is-layout-flow wp-block-column-is-layout-flow\">\n<figure class=\"wp-block-image size-large\"><img loading=\"lazy\" decoding=\"async\" width=\"682\" height=\"1024\" src=\"https:\/\/barcelona-logistica.es\/wp-content\/uploads\/2020\/07\/dangerous-goods-682x1024.jpg\" alt=\"log&#xED;stica de mercanc&#xED;as peligrosas Barcelona\" class=\"wp-image-1455\" style=\"aspect-ratio:1;object-fit:cover\" srcset=\"https:\/\/barcelona-logistica.es\/wp-content\/uploads\/2020\/07\/dangerous-goods-682x1024.jpg 682w, https:\/\/barcelona-logistica.es\/wp-content\/uploads\/2020\/07\/dangerous-goods-200x300.jpg 200w, https:\/\/barcelona-logistica.es\/wp-content\/uploads\/2020\/07\/dangerous-goods-768x1152.jpg 768w, https:\/\/barcelona-logistica.es\/wp-content\/uploads\/2020\/07\/dangerous-goods.jpg 853w\" sizes=\"auto, (max-width: 682px) 100vw, 682px\" \/><\/figure>\n<\/div>\n<\/div>\n<\/div>\n","protected":false},"excerpt":{"rendered":"<p>El transport de mercaderies perilloses fet segur i simple El transport de mercaderies perilloses \u00e9s una \u00e0rea especialitzada de la log\u00edstica. Per\u00f2 \u00e9s una en la qual tenim molta experi\u00e8ncia. About Dangerous Goods Transportation Amb les rares excepcions aqu\u00ed descrites, podem ajudar-te a trobar el transportista de mercaderies perilloses ideal per a gaireb\u00e9 qualsevol material [&hellip;]<\/p>\n","protected":false},"author":1,"featured_media":0,"parent":0,"menu_order":0,"comment_status":"closed","ping_status":"closed","template":"","meta":{"pgc_sgb_lightbox_settings":"","footnotes":""},"class_list":["post-12184","page","type-page","status-publish","hentry"],"yoast_head":"<!-- This site is optimized with the Yoast SEO plugin v26.5 - https:\/\/yoast.com\/wordpress\/plugins\/seo\/ -->\n<title>Transport de Mercaderies Perilloses a Barcelona | DRG Solutions<\/title>\n<meta name=\"description\" content=\"Deixa&#039;ns trobar-te el transportista de mercaderies perilloses ideal per a les teves necessitats. Comparem i contrastem totes les opcions de Barcelona o de la regi\u00f3 a la qual et dirigeixes.\" \/>\n<meta name=\"robots\" content=\"index, follow, max-snippet:-1, max-image-preview:large, max-video-preview:-1\" \/>\n<link rel=\"canonical\" href=\"https:\/\/barcelona-logistica.es\/ca\/mercaderia-perillosa\/\" \/>\n<meta property=\"og:locale\" content=\"ca_ES\" \/>\n<meta property=\"og:type\" content=\"article\" \/>\n<meta property=\"og:title\" content=\"Transport de Mercaderies Perilloses a Barcelona | DRG Solutions\" \/>\n<meta property=\"og:description\" content=\"Deixa&#039;ns trobar-te el transportista de mercaderies perilloses ideal per a les teves necessitats. Comparem i contrastem totes les opcions de Barcelona o de la regi\u00f3 a la qual et dirigeixes.\" \/>\n<meta property=\"og:url\" content=\"https:\/\/barcelona-logistica.es\/ca\/mercaderia-perillosa\/\" \/>\n<meta property=\"og:site_name\" content=\"DRG Solutions\" \/>\n<meta property=\"article:modified_time\" content=\"2024-11-27T09:33:31+00:00\" \/>\n<meta property=\"og:image\" content=\"https:\/\/barcelona-logistica.es\/wp-content\/uploads\/2020\/07\/chemicals-delivery-barcelona-scaled.jpg\" \/>\n\t<meta property=\"og:image:width\" content=\"2560\" \/>\n\t<meta property=\"og:image:height\" content=\"1704\" \/>\n\t<meta property=\"og:image:type\" content=\"image\/jpeg\" \/>\n<meta name=\"twitter:card\" content=\"summary_large_image\" \/>\n<meta name=\"twitter:label1\" content=\"Temps estimat de lectura\" \/>\n\t<meta name=\"twitter:data1\" content=\"2 minuts\" \/>\n<script type=\"application\/ld+json\" class=\"yoast-schema-graph\">{\"@context\":\"https:\/\/schema.org\",\"@graph\":[{\"@type\":\"WebPage\",\"@id\":\"https:\/\/barcelona-logistica.es\/ca\/mercaderia-perillosa\/\",\"url\":\"https:\/\/barcelona-logistica.es\/ca\/mercaderia-perillosa\/\",\"name\":\"Transport de Mercaderies Perilloses a Barcelona | DRG Solutions\",\"isPartOf\":{\"@id\":\"https:\/\/barcelona-logistica.es\/ca\/#website\"},\"primaryImageOfPage\":{\"@id\":\"https:\/\/barcelona-logistica.es\/ca\/mercaderia-perillosa\/#primaryimage\"},\"image\":{\"@id\":\"https:\/\/barcelona-logistica.es\/ca\/mercaderia-perillosa\/#primaryimage\"},\"thumbnailUrl\":\"https:\/\/barcelona-logistica.es\/wp-content\/uploads\/2020\/07\/chemicals-delivery-barcelona-scaled.jpg\",\"datePublished\":\"2024-11-22T14:45:15+00:00\",\"dateModified\":\"2024-11-27T09:33:31+00:00\",\"description\":\"Deixa'ns trobar-te el transportista de mercaderies perilloses ideal per a les teves necessitats. Comparem i contrastem totes les opcions de Barcelona o de la regi\u00f3 a la qual et dirigeixes.\",\"breadcrumb\":{\"@id\":\"https:\/\/barcelona-logistica.es\/ca\/mercaderia-perillosa\/#breadcrumb\"},\"inLanguage\":\"ca\",\"potentialAction\":[{\"@type\":\"ReadAction\",\"target\":[\"https:\/\/barcelona-logistica.es\/ca\/mercaderia-perillosa\/\"]}]},{\"@type\":\"ImageObject\",\"inLanguage\":\"ca\",\"@id\":\"https:\/\/barcelona-logistica.es\/ca\/mercaderia-perillosa\/#primaryimage\",\"url\":\"https:\/\/barcelona-logistica.es\/wp-content\/uploads\/2020\/07\/chemicals-delivery-barcelona-scaled.jpg\",\"contentUrl\":\"https:\/\/barcelona-logistica.es\/wp-content\/uploads\/2020\/07\/chemicals-delivery-barcelona-scaled.jpg\"},{\"@type\":\"BreadcrumbList\",\"@id\":\"https:\/\/barcelona-logistica.es\/ca\/mercaderia-perillosa\/#breadcrumb\",\"itemListElement\":[{\"@type\":\"ListItem\",\"position\":1,\"name\":\"Inici\",\"item\":\"https:\/\/barcelona-logistica.es\/ca\/\"},{\"@type\":\"ListItem\",\"position\":2,\"name\":\"Mercaderia perillosa\"}]},{\"@type\":\"WebSite\",\"@id\":\"https:\/\/barcelona-logistica.es\/ca\/#website\",\"url\":\"https:\/\/barcelona-logistica.es\/ca\/\",\"name\":\"DRG Solutions\",\"description\":\"\",\"publisher\":{\"@id\":\"https:\/\/barcelona-logistica.es\/ca\/#organization\"},\"potentialAction\":[{\"@type\":\"SearchAction\",\"target\":{\"@type\":\"EntryPoint\",\"urlTemplate\":\"https:\/\/barcelona-logistica.es\/ca\/?s={search_term_string}\"},\"query-input\":{\"@type\":\"PropertyValueSpecification\",\"valueRequired\":true,\"valueName\":\"search_term_string\"}}],\"inLanguage\":\"ca\"},{\"@type\":\"Organization\",\"@id\":\"https:\/\/barcelona-logistica.es\/ca\/#organization\",\"name\":\"DRG SOLUTIONS, SL\",\"url\":\"https:\/\/barcelona-logistica.es\/ca\/\",\"logo\":{\"@type\":\"ImageObject\",\"inLanguage\":\"ca\",\"@id\":\"https:\/\/barcelona-logistica.es\/ca\/#\/schema\/logo\/image\/\",\"url\":\"https:\/\/barcelona-logistica.es\/wp-content\/uploads\/2020\/06\/LOGO-DRG-512x512-1.png\",\"contentUrl\":\"https:\/\/barcelona-logistica.es\/wp-content\/uploads\/2020\/06\/LOGO-DRG-512x512-1.png\",\"width\":512,\"height\":512,\"caption\":\"DRG SOLUTIONS, SL\"},\"image\":{\"@id\":\"https:\/\/barcelona-logistica.es\/ca\/#\/schema\/logo\/image\/\"}}]}<\/script>\n<!-- \/ Yoast SEO plugin. -->","yoast_head_json":{"title":"Transport de Mercaderies Perilloses a Barcelona | DRG Solutions","description":"Deixa'ns trobar-te el transportista de mercaderies perilloses ideal per a les teves necessitats. Comparem i contrastem totes les opcions de Barcelona o de la regi\u00f3 a la qual et dirigeixes.","robots":{"index":"index","follow":"follow","max-snippet":"max-snippet:-1","max-image-preview":"max-image-preview:large","max-video-preview":"max-video-preview:-1"},"canonical":"https:\/\/barcelona-logistica.es\/ca\/mercaderia-perillosa\/","og_locale":"ca_ES","og_type":"article","og_title":"Transport de Mercaderies Perilloses a Barcelona | DRG Solutions","og_description":"Deixa'ns trobar-te el transportista de mercaderies perilloses ideal per a les teves necessitats. Comparem i contrastem totes les opcions de Barcelona o de la regi\u00f3 a la qual et dirigeixes.","og_url":"https:\/\/barcelona-logistica.es\/ca\/mercaderia-perillosa\/","og_site_name":"DRG Solutions","article_modified_time":"2024-11-27T09:33:31+00:00","og_image":[{"width":2560,"height":1704,"url":"https:\/\/barcelona-logistica.es\/wp-content\/uploads\/2020\/07\/chemicals-delivery-barcelona-scaled.jpg","type":"image\/jpeg"}],"twitter_card":"summary_large_image","twitter_misc":{"Temps estimat de lectura":"2 minuts"},"schema":{"@context":"https:\/\/schema.org","@graph":[{"@type":"WebPage","@id":"https:\/\/barcelona-logistica.es\/ca\/mercaderia-perillosa\/","url":"https:\/\/barcelona-logistica.es\/ca\/mercaderia-perillosa\/","name":"Transport de Mercaderies Perilloses a Barcelona | DRG Solutions","isPartOf":{"@id":"https:\/\/barcelona-logistica.es\/ca\/#website"},"primaryImageOfPage":{"@id":"https:\/\/barcelona-logistica.es\/ca\/mercaderia-perillosa\/#primaryimage"},"image":{"@id":"https:\/\/barcelona-logistica.es\/ca\/mercaderia-perillosa\/#primaryimage"},"thumbnailUrl":"https:\/\/barcelona-logistica.es\/wp-content\/uploads\/2020\/07\/chemicals-delivery-barcelona-scaled.jpg","datePublished":"2024-11-22T14:45:15+00:00","dateModified":"2024-11-27T09:33:31+00:00","description":"Deixa'ns trobar-te el transportista de mercaderies perilloses ideal per a les teves necessitats. Comparem i contrastem totes les opcions de Barcelona o de la regi\u00f3 a la qual et dirigeixes.","breadcrumb":{"@id":"https:\/\/barcelona-logistica.es\/ca\/mercaderia-perillosa\/#breadcrumb"},"inLanguage":"ca","potentialAction":[{"@type":"ReadAction","target":["https:\/\/barcelona-logistica.es\/ca\/mercaderia-perillosa\/"]}]},{"@type":"ImageObject","inLanguage":"ca","@id":"https:\/\/barcelona-logistica.es\/ca\/mercaderia-perillosa\/#primaryimage","url":"https:\/\/barcelona-logistica.es\/wp-content\/uploads\/2020\/07\/chemicals-delivery-barcelona-scaled.jpg","contentUrl":"https:\/\/barcelona-logistica.es\/wp-content\/uploads\/2020\/07\/chemicals-delivery-barcelona-scaled.jpg"},{"@type":"BreadcrumbList","@id":"https:\/\/barcelona-logistica.es\/ca\/mercaderia-perillosa\/#breadcrumb","itemListElement":[{"@type":"ListItem","position":1,"name":"Inici","item":"https:\/\/barcelona-logistica.es\/ca\/"},{"@type":"ListItem","position":2,"name":"Mercaderia perillosa"}]},{"@type":"WebSite","@id":"https:\/\/barcelona-logistica.es\/ca\/#website","url":"https:\/\/barcelona-logistica.es\/ca\/","name":"DRG Solutions","description":"","publisher":{"@id":"https:\/\/barcelona-logistica.es\/ca\/#organization"},"potentialAction":[{"@type":"SearchAction","target":{"@type":"EntryPoint","urlTemplate":"https:\/\/barcelona-logistica.es\/ca\/?s={search_term_string}"},"query-input":{"@type":"PropertyValueSpecification","valueRequired":true,"valueName":"search_term_string"}}],"inLanguage":"ca"},{"@type":"Organization","@id":"https:\/\/barcelona-logistica.es\/ca\/#organization","name":"DRG SOLUTIONS, SL","url":"https:\/\/barcelona-logistica.es\/ca\/","logo":{"@type":"ImageObject","inLanguage":"ca","@id":"https:\/\/barcelona-logistica.es\/ca\/#\/schema\/logo\/image\/","url":"https:\/\/barcelona-logistica.es\/wp-content\/uploads\/2020\/06\/LOGO-DRG-512x512-1.png","contentUrl":"https:\/\/barcelona-logistica.es\/wp-content\/uploads\/2020\/06\/LOGO-DRG-512x512-1.png","width":512,"height":512,"caption":"DRG SOLUTIONS, SL"},"image":{"@id":"https:\/\/barcelona-logistica.es\/ca\/#\/schema\/logo\/image\/"}}]}},"_links":{"self":[{"href":"https:\/\/barcelona-logistica.es\/ca\/wp-json\/wp\/v2\/pages\/12184","targetHints":{"allow":["GET"]}}],"collection":[{"href":"https:\/\/barcelona-logistica.es\/ca\/wp-json\/wp\/v2\/pages"}],"about":[{"href":"https:\/\/barcelona-logistica.es\/ca\/wp-json\/wp\/v2\/types\/page"}],"author":[{"embeddable":true,"href":"https:\/\/barcelona-logistica.es\/ca\/wp-json\/wp\/v2\/users\/1"}],"replies":[{"embeddable":true,"href":"https:\/\/barcelona-logistica.es\/ca\/wp-json\/wp\/v2\/comments?post=12184"}],"version-history":[{"count":1,"href":"https:\/\/barcelona-logistica.es\/ca\/wp-json\/wp\/v2\/pages\/12184\/revisions"}],"predecessor-version":[{"id":12185,"href":"https:\/\/barcelona-logistica.es\/ca\/wp-json\/wp\/v2\/pages\/12184\/revisions\/12185"}],"wp:attachment":[{"href":"https:\/\/barcelona-logistica.es\/ca\/wp-json\/wp\/v2\/media?parent=12184"}],"curies":[{"name":"wp","href":"https:\/\/api.w.org\/{rel}","templated":true}]}}