{"id":12175,"date":"2024-11-22T13:58:10","date_gmt":"2024-11-22T13:58:10","guid":{"rendered":"https:\/\/drg.dev.localfame.com\/consultoria\/"},"modified":"2024-12-10T14:01:32","modified_gmt":"2024-12-10T14:01:32","slug":"consultoria","status":"publish","type":"page","link":"https:\/\/barcelona-logistica.es\/ca\/consultoria\/","title":{"rendered":"Consultoria"},"content":{"rendered":"\n<div class=\"wp-block-group alignfull hero has-global-padding is-layout-constrained wp-block-group-is-layout-constrained has-background\" style=\"padding-top:var(--wp--preset--spacing--80);padding-bottom:var(--wp--preset--spacing--80);background-image:url(&apos;https:\/\/barcelona-logistica.es\/wp-content\/uploads\/2024\/12\/Untitled-design.png&apos;);background-position:0% 0%;background-size:cover;\">\n<div class=\"wp-block-columns alignwide is-layout-flex wp-container-core-columns-is-layout-701c2d95 wp-block-columns-is-layout-flex\" style=\"padding-top:var(--wp--preset--spacing--80);padding-bottom:var(--wp--preset--spacing--80)\">\n<div class=\"wp-block-column is-layout-flow wp-block-column-is-layout-flow\" style=\"padding-top:var(--wp--preset--spacing--70);flex-basis:55%\">\n<h1 class=\"wp-block-heading has-white-color has-text-color has-link-color wp-elements-b2efa5e1ab42239c69effddd25b8da22\" style=\"line-height:1.2\">Consultoria de log\u00edstica a Barcelona per a tota la ind\u00fastria<\/h1>\n\n\n\n<p class=\"has-white-color has-text-color has-link-color wp-elements-00acd8619c4dac728713a6ec82087d0a\">Aprofita els nostres serveis de consultoria log\u00edstica per a perfeccionar i millorar la teva cadena de subministrament perqu\u00e8 faci tot el que necessites.<\/p>\n\n\n\n<div class=\"wp-block-buttons is-layout-flex wp-block-buttons-is-layout-flex\">\n<div class=\"wp-block-button\"><a class=\"wp-block-button__link wp-element-button\" href=\"https:\/\/barcelona-logistica.es\/ca\/contactanos\/\" style=\"border-radius:5px\">Posa\u2019t en contacte<\/a><\/div>\n<\/div>\n<\/div>\n\n\n\n<div class=\"wp-block-column is-layout-flow wp-block-column-is-layout-flow\" style=\"flex-basis:45%\"><\/div>\n<\/div>\n<\/div>\n\n<div class=\"wp-block-group alignfull has-global-padding is-layout-constrained wp-block-group-is-layout-constrained\" style=\"margin-top:var(--wp--preset--spacing--80);margin-bottom:var(--wp--preset--spacing--80)\">\n<div class=\"wp-block-columns alignwide are-vertically-aligned-center is-layout-flex wp-container-core-columns-is-layout-14cf5ab5 wp-block-columns-is-layout-flex\">\n<div class=\"wp-block-column is-vertically-aligned-center is-layout-flow wp-block-column-is-layout-flow\">\n<figure class=\"wp-block-image size-full has-custom-border\"><img loading=\"lazy\" decoding=\"async\" width=\"640\" height=\"427\" src=\"https:\/\/barcelona-logistica.es\/wp-content\/uploads\/2021\/05\/mensajero-barcelona.jpg\" alt=\"\" class=\"wp-image-3841\" style=\"border-radius:25px\" srcset=\"https:\/\/barcelona-logistica.es\/wp-content\/uploads\/2021\/05\/mensajero-barcelona.jpg 640w, https:\/\/barcelona-logistica.es\/wp-content\/uploads\/2021\/05\/mensajero-barcelona-300x200.jpg 300w\" sizes=\"auto, (max-width: 640px) 100vw, 640px\" \/><\/figure>\n<\/div>\n\n\n\n<div class=\"wp-block-column is-vertically-aligned-center is-layout-flow wp-block-column-is-layout-flow\">\n<h2 class=\"wp-block-heading\">Necessites prioritzar l&#8217;efici\u00e8ncia? Rendibilitat?<\/h2>\n\n\n\n<p>\u00c9s la importaci\u00f3 o l&#8217;exportaci\u00f3 de b\u00e9ns o materials el que et frena o et costa diners? Necessites assessorament en mat\u00e8ria d&#8217;emmagatzematge per a organitzar el millor tipus d&#8217;organitzaci\u00f3?  <\/p>\n\n\n\n<p>Crearem una soluci\u00f3 especialment dissenyada per a satisfer les necessitats de la teva empresa. No som una simple empresa de log\u00edstica. No tenim nom\u00e9s un conjunt limitat de serveis. En lloc d&#8217;aix\u00f2, consultem amb totes les opcions disponibles per a trobar la millor soluci\u00f3.   <\/p>\n\n\n\n<p>Implicar\u00e0 aix\u00f2 un transport multimodal? M\u00faltiples transportistes? Solucions d&#8217;emmagatzematge per a materials perillosos? Subministrar instal\u00b7lacions de compliment? Emmagatzematge de components?    <\/p>\n<\/div>\n<\/div>\n<\/div>\n\n<div style=\"background-image:url(&apos;https:\/\/barcelona-logistica.es\/wp-content\/uploads\/2024\/11\/containers-export-drg-cta-min.jpg&apos;);background-position:50% 50%;background-size:cover;\" class=\"wp-block-group has-global-padding is-layout-constrained wp-block-group-is-layout-constrained has-background\">\n<div class=\"wp-block-columns are-vertically-aligned-center is-layout-flex wp-container-core-columns-is-layout-a54e0cfc wp-block-columns-is-layout-flex\" style=\"padding-top:var(--wp--preset--spacing--60);padding-bottom:var(--wp--preset--spacing--60)\">\n<div class=\"wp-block-column is-vertically-aligned-center is-layout-flow wp-block-column-is-layout-flow\" style=\"flex-basis:66.66%\">\n<p class=\"has-white-color has-text-color has-link-color has-large-font-size wp-elements-1d9dcfd379d0b9c7387b46c819f1555c\"><strong>Millora la log\u00edstica del teu negoci avui mateix!<\/strong><\/p>\n<\/div>\n\n\n\n<div class=\"wp-block-column is-vertically-aligned-center is-layout-flow wp-block-column-is-layout-flow\" style=\"flex-basis:33.33%\">\n<div class=\"wp-block-buttons is-content-justification-center is-layout-flex wp-container-core-buttons-is-layout-a89b3969 wp-block-buttons-is-layout-flex\">\n<div class=\"wp-block-button\"><a class=\"wp-block-button__link wp-element-button\" href=\"\/ca\/contactanos\/\" style=\"border-radius:5px\">Posa\u2019t en contacte<\/a><\/div>\n<\/div>\n<\/div>\n<\/div>\n<\/div>\n\n<div class=\"wp-block-group alignfull has-global-padding is-layout-constrained wp-block-group-is-layout-constrained\" style=\"margin-top:var(--wp--preset--spacing--60);margin-bottom:var(--wp--preset--spacing--20)\">\n<div class=\"wp-block-columns alignwide is-layout-flex wp-container-core-columns-is-layout-14cf5ab5 wp-block-columns-is-layout-flex\">\n<div class=\"wp-block-column is-vertically-aligned-center is-layout-flow wp-block-column-is-layout-flow\" style=\"padding-top:var(--wp--preset--spacing--40);padding-bottom:var(--wp--preset--spacing--40)\">\n<h2 class=\"wp-block-heading has-text-align-center\">Cobrim tots els tipus de consultoria log\u00edstica<\/h2>\n\n\n\n<p class=\"has-text-align-center\">El que sigui que funcioni millor per al teu negoci, nosaltres constru\u00efm la soluci\u00f3. Com a experts en consultoria log\u00edstica, no estem lligats a cap prove\u00efdor. El nostre \u00fanic objectiu \u00e9s aconseguir-li una cadena de subministrament empresarial que sigui la millor versi\u00f3 de si mateixa.  <\/p>\n<\/div>\n<\/div>\n<\/div>\n\n<div class=\"wp-block-group alignfull has-global-padding is-layout-constrained wp-block-group-is-layout-constrained\" style=\"margin-top:0;margin-bottom:var(--wp--preset--spacing--70)\">\n<div class=\"wp-block-columns alignwide are-vertically-aligned-center is-layout-flex wp-container-core-columns-is-layout-14cf5ab5 wp-block-columns-is-layout-flex\">\n<div class=\"wp-block-column is-vertically-aligned-center is-layout-flow wp-block-column-is-layout-flow\" style=\"padding-top:0;padding-bottom:0\">\n<h3 class=\"wp-block-heading\">La consultoria de log\u00edstica automotriu<\/h3>\n\n\n\n<p>cobreix tota la cadena de subministrament de la ind\u00fastria automotriu. Compres, vens, construeixes, crees peces o produeixes mat\u00e8ries primeres per a la fabricaci\u00f3 d&#8217;autom\u00f2bils? Permet-nos agilitar la teva cadena de subministrament.  <\/p>\n\n\n\n<h3 class=\"wp-block-heading\">Assessorament log\u00edstic immobiliari<\/h3>\n\n\n\n<p>\u00e9s la manera f\u00e0cil de trobar tots els centres d&#8217;emmagatzematge, lliurament i distribuci\u00f3 que necessiteu per a tots els vostres productes, materials i molt m\u00e9s.<\/p>\n\n\n\n<h3 class=\"wp-block-heading\">La consultoria de log\u00edstica de cosm\u00e8tics<\/h3>\n\n\n\n<p>et permet avaluar i racionalitzar els teus processos per a la importaci\u00f3, exportaci\u00f3, emmagatzematge, transport i distribuci\u00f3 de tots els materials, b\u00e9ns i components que la teva empresa utilitza per a la fabricaci\u00f3 de cosm\u00e8tics.<\/p>\n<\/div>\n\n\n\n<div class=\"wp-block-column is-vertically-aligned-center is-layout-flow wp-block-column-is-layout-flow\">\n<h3 class=\"wp-block-heading\">La consultoria de log\u00edstica qu\u00edmica<\/h3>\n\n\n\n<p>t&#8217;ofereix la soluci\u00f3 m\u00e9s eficient i rendible per a tot tipus de transport, emmagatzematge, importaci\u00f3 i exportaci\u00f3 de productes qu\u00edmics perillosos i no perillosos.<\/p>\n\n\n\n<h3 class=\"wp-block-heading\">La consultoria de log\u00edstica farmac\u00e8utica<\/h3>\n\n\n\n<p>sovint requereix que organitzem coses com el transport o l&#8217;emmagatzematge a temperatura controlada o expressa. Treballem per a crear una soluci\u00f3 \u00fanica que s&#8217;adapti a les necessitats de la teva empresa. <\/p>\n\n\n\n<h3 class=\"wp-block-heading\">La consultoria de log\u00edstica t\u00e8xtil i de la moda<\/h3>\n\n\n\n<p>et proporciona una manera d&#8217;obtenir el millor de la teva cadena de subministrament si operes en la ind\u00fastria t\u00e8xtil i de la moda. Transport aeri, mar\u00edtim i terrestre. Emmagatzematge. Distribuci\u00f3 i compliment.   <\/p>\n<\/div>\n<\/div>\n<\/div>\n","protected":false},"excerpt":{"rendered":"<p>Consultoria de log\u00edstica a Barcelona per a tota la ind\u00fastria Aprofita els nostres serveis de consultoria log\u00edstica per a perfeccionar i millorar la teva cadena de subministrament perqu\u00e8 faci tot el que necessites. Necessites prioritzar l&#8217;efici\u00e8ncia? Rendibilitat? \u00c9s la importaci\u00f3 o l&#8217;exportaci\u00f3 de b\u00e9ns o materials el que et frena o et costa diners? Necessites [&hellip;]<\/p>\n","protected":false},"author":1,"featured_media":0,"parent":0,"menu_order":0,"comment_status":"closed","ping_status":"closed","template":"","meta":{"pgc_sgb_lightbox_settings":"","footnotes":""},"class_list":["post-12175","page","type-page","status-publish","hentry"],"yoast_head":"<!-- This site is optimized with the Yoast SEO plugin v26.5 - https:\/\/yoast.com\/wordpress\/plugins\/seo\/ -->\n<title>Consultoria de Log\u00edstica a Barcelona | DRG Solutions<\/title>\n<meta name=\"description\" content=\"Aconsegueix assessorament log\u00edstic a Barcelona per a tota la teva cadena de subministrament. Cobrim Barcelona, Espanya i molt m\u00e9s all\u00e0 amb aquesta mena de consultoria de negocis cr\u00edtic.\" \/>\n<meta name=\"robots\" content=\"index, follow, max-snippet:-1, max-image-preview:large, max-video-preview:-1\" \/>\n<link rel=\"canonical\" href=\"https:\/\/barcelona-logistica.es\/ca\/consultoria\/\" \/>\n<meta property=\"og:locale\" content=\"ca_ES\" \/>\n<meta property=\"og:type\" content=\"article\" \/>\n<meta property=\"og:title\" content=\"Consultoria de Log\u00edstica a Barcelona | DRG Solutions\" \/>\n<meta property=\"og:description\" content=\"Aconsegueix assessorament log\u00edstic a Barcelona per a tota la teva cadena de subministrament. Cobrim Barcelona, Espanya i molt m\u00e9s all\u00e0 amb aquesta mena de consultoria de negocis cr\u00edtic.\" \/>\n<meta property=\"og:url\" content=\"https:\/\/barcelona-logistica.es\/ca\/consultoria\/\" \/>\n<meta property=\"og:site_name\" content=\"DRG Solutions\" \/>\n<meta property=\"article:modified_time\" content=\"2024-12-10T14:01:32+00:00\" \/>\n<meta property=\"og:image\" content=\"https:\/\/barcelona-logistica.es\/wp-content\/uploads\/2021\/05\/mensajero-barcelona.jpg\" \/>\n\t<meta property=\"og:image:width\" content=\"640\" \/>\n\t<meta property=\"og:image:height\" content=\"427\" \/>\n\t<meta property=\"og:image:type\" content=\"image\/jpeg\" \/>\n<meta name=\"twitter:card\" content=\"summary_large_image\" \/>\n<meta name=\"twitter:label1\" content=\"Temps estimat de lectura\" \/>\n\t<meta name=\"twitter:data1\" content=\"2 minuts\" \/>\n<script type=\"application\/ld+json\" class=\"yoast-schema-graph\">{\"@context\":\"https:\/\/schema.org\",\"@graph\":[{\"@type\":\"WebPage\",\"@id\":\"https:\/\/barcelona-logistica.es\/ca\/consultoria\/\",\"url\":\"https:\/\/barcelona-logistica.es\/ca\/consultoria\/\",\"name\":\"Consultoria de Log\u00edstica a Barcelona | DRG Solutions\",\"isPartOf\":{\"@id\":\"https:\/\/barcelona-logistica.es\/ca\/#website\"},\"primaryImageOfPage\":{\"@id\":\"https:\/\/barcelona-logistica.es\/ca\/consultoria\/#primaryimage\"},\"image\":{\"@id\":\"https:\/\/barcelona-logistica.es\/ca\/consultoria\/#primaryimage\"},\"thumbnailUrl\":\"https:\/\/barcelona-logistica.es\/wp-content\/uploads\/2021\/05\/mensajero-barcelona.jpg\",\"datePublished\":\"2024-11-22T13:58:10+00:00\",\"dateModified\":\"2024-12-10T14:01:32+00:00\",\"description\":\"Aconsegueix assessorament log\u00edstic a Barcelona per a tota la teva cadena de subministrament. Cobrim Barcelona, Espanya i molt m\u00e9s all\u00e0 amb aquesta mena de consultoria de negocis cr\u00edtic.\",\"breadcrumb\":{\"@id\":\"https:\/\/barcelona-logistica.es\/ca\/consultoria\/#breadcrumb\"},\"inLanguage\":\"ca\",\"potentialAction\":[{\"@type\":\"ReadAction\",\"target\":[\"https:\/\/barcelona-logistica.es\/ca\/consultoria\/\"]}]},{\"@type\":\"ImageObject\",\"inLanguage\":\"ca\",\"@id\":\"https:\/\/barcelona-logistica.es\/ca\/consultoria\/#primaryimage\",\"url\":\"https:\/\/barcelona-logistica.es\/wp-content\/uploads\/2021\/05\/mensajero-barcelona.jpg\",\"contentUrl\":\"https:\/\/barcelona-logistica.es\/wp-content\/uploads\/2021\/05\/mensajero-barcelona.jpg\"},{\"@type\":\"BreadcrumbList\",\"@id\":\"https:\/\/barcelona-logistica.es\/ca\/consultoria\/#breadcrumb\",\"itemListElement\":[{\"@type\":\"ListItem\",\"position\":1,\"name\":\"Inici\",\"item\":\"https:\/\/barcelona-logistica.es\/ca\/\"},{\"@type\":\"ListItem\",\"position\":2,\"name\":\"Consultoria\"}]},{\"@type\":\"WebSite\",\"@id\":\"https:\/\/barcelona-logistica.es\/ca\/#website\",\"url\":\"https:\/\/barcelona-logistica.es\/ca\/\",\"name\":\"DRG Solutions\",\"description\":\"\",\"publisher\":{\"@id\":\"https:\/\/barcelona-logistica.es\/ca\/#organization\"},\"potentialAction\":[{\"@type\":\"SearchAction\",\"target\":{\"@type\":\"EntryPoint\",\"urlTemplate\":\"https:\/\/barcelona-logistica.es\/ca\/?s={search_term_string}\"},\"query-input\":{\"@type\":\"PropertyValueSpecification\",\"valueRequired\":true,\"valueName\":\"search_term_string\"}}],\"inLanguage\":\"ca\"},{\"@type\":\"Organization\",\"@id\":\"https:\/\/barcelona-logistica.es\/ca\/#organization\",\"name\":\"DRG SOLUTIONS, SL\",\"url\":\"https:\/\/barcelona-logistica.es\/ca\/\",\"logo\":{\"@type\":\"ImageObject\",\"inLanguage\":\"ca\",\"@id\":\"https:\/\/barcelona-logistica.es\/ca\/#\/schema\/logo\/image\/\",\"url\":\"https:\/\/barcelona-logistica.es\/wp-content\/uploads\/2020\/06\/LOGO-DRG-512x512-1.png\",\"contentUrl\":\"https:\/\/barcelona-logistica.es\/wp-content\/uploads\/2020\/06\/LOGO-DRG-512x512-1.png\",\"width\":512,\"height\":512,\"caption\":\"DRG SOLUTIONS, SL\"},\"image\":{\"@id\":\"https:\/\/barcelona-logistica.es\/ca\/#\/schema\/logo\/image\/\"}}]}<\/script>\n<!-- \/ Yoast SEO plugin. -->","yoast_head_json":{"title":"Consultoria de Log\u00edstica a Barcelona | DRG Solutions","description":"Aconsegueix assessorament log\u00edstic a Barcelona per a tota la teva cadena de subministrament. Cobrim Barcelona, Espanya i molt m\u00e9s all\u00e0 amb aquesta mena de consultoria de negocis cr\u00edtic.","robots":{"index":"index","follow":"follow","max-snippet":"max-snippet:-1","max-image-preview":"max-image-preview:large","max-video-preview":"max-video-preview:-1"},"canonical":"https:\/\/barcelona-logistica.es\/ca\/consultoria\/","og_locale":"ca_ES","og_type":"article","og_title":"Consultoria de Log\u00edstica a Barcelona | DRG Solutions","og_description":"Aconsegueix assessorament log\u00edstic a Barcelona per a tota la teva cadena de subministrament. Cobrim Barcelona, Espanya i molt m\u00e9s all\u00e0 amb aquesta mena de consultoria de negocis cr\u00edtic.","og_url":"https:\/\/barcelona-logistica.es\/ca\/consultoria\/","og_site_name":"DRG Solutions","article_modified_time":"2024-12-10T14:01:32+00:00","og_image":[{"width":640,"height":427,"url":"https:\/\/barcelona-logistica.es\/wp-content\/uploads\/2021\/05\/mensajero-barcelona.jpg","type":"image\/jpeg"}],"twitter_card":"summary_large_image","twitter_misc":{"Temps estimat de lectura":"2 minuts"},"schema":{"@context":"https:\/\/schema.org","@graph":[{"@type":"WebPage","@id":"https:\/\/barcelona-logistica.es\/ca\/consultoria\/","url":"https:\/\/barcelona-logistica.es\/ca\/consultoria\/","name":"Consultoria de Log\u00edstica a Barcelona | DRG Solutions","isPartOf":{"@id":"https:\/\/barcelona-logistica.es\/ca\/#website"},"primaryImageOfPage":{"@id":"https:\/\/barcelona-logistica.es\/ca\/consultoria\/#primaryimage"},"image":{"@id":"https:\/\/barcelona-logistica.es\/ca\/consultoria\/#primaryimage"},"thumbnailUrl":"https:\/\/barcelona-logistica.es\/wp-content\/uploads\/2021\/05\/mensajero-barcelona.jpg","datePublished":"2024-11-22T13:58:10+00:00","dateModified":"2024-12-10T14:01:32+00:00","description":"Aconsegueix assessorament log\u00edstic a Barcelona per a tota la teva cadena de subministrament. Cobrim Barcelona, Espanya i molt m\u00e9s all\u00e0 amb aquesta mena de consultoria de negocis cr\u00edtic.","breadcrumb":{"@id":"https:\/\/barcelona-logistica.es\/ca\/consultoria\/#breadcrumb"},"inLanguage":"ca","potentialAction":[{"@type":"ReadAction","target":["https:\/\/barcelona-logistica.es\/ca\/consultoria\/"]}]},{"@type":"ImageObject","inLanguage":"ca","@id":"https:\/\/barcelona-logistica.es\/ca\/consultoria\/#primaryimage","url":"https:\/\/barcelona-logistica.es\/wp-content\/uploads\/2021\/05\/mensajero-barcelona.jpg","contentUrl":"https:\/\/barcelona-logistica.es\/wp-content\/uploads\/2021\/05\/mensajero-barcelona.jpg"},{"@type":"BreadcrumbList","@id":"https:\/\/barcelona-logistica.es\/ca\/consultoria\/#breadcrumb","itemListElement":[{"@type":"ListItem","position":1,"name":"Inici","item":"https:\/\/barcelona-logistica.es\/ca\/"},{"@type":"ListItem","position":2,"name":"Consultoria"}]},{"@type":"WebSite","@id":"https:\/\/barcelona-logistica.es\/ca\/#website","url":"https:\/\/barcelona-logistica.es\/ca\/","name":"DRG Solutions","description":"","publisher":{"@id":"https:\/\/barcelona-logistica.es\/ca\/#organization"},"potentialAction":[{"@type":"SearchAction","target":{"@type":"EntryPoint","urlTemplate":"https:\/\/barcelona-logistica.es\/ca\/?s={search_term_string}"},"query-input":{"@type":"PropertyValueSpecification","valueRequired":true,"valueName":"search_term_string"}}],"inLanguage":"ca"},{"@type":"Organization","@id":"https:\/\/barcelona-logistica.es\/ca\/#organization","name":"DRG SOLUTIONS, SL","url":"https:\/\/barcelona-logistica.es\/ca\/","logo":{"@type":"ImageObject","inLanguage":"ca","@id":"https:\/\/barcelona-logistica.es\/ca\/#\/schema\/logo\/image\/","url":"https:\/\/barcelona-logistica.es\/wp-content\/uploads\/2020\/06\/LOGO-DRG-512x512-1.png","contentUrl":"https:\/\/barcelona-logistica.es\/wp-content\/uploads\/2020\/06\/LOGO-DRG-512x512-1.png","width":512,"height":512,"caption":"DRG SOLUTIONS, SL"},"image":{"@id":"https:\/\/barcelona-logistica.es\/ca\/#\/schema\/logo\/image\/"}}]}},"_links":{"self":[{"href":"https:\/\/barcelona-logistica.es\/ca\/wp-json\/wp\/v2\/pages\/12175","targetHints":{"allow":["GET"]}}],"collection":[{"href":"https:\/\/barcelona-logistica.es\/ca\/wp-json\/wp\/v2\/pages"}],"about":[{"href":"https:\/\/barcelona-logistica.es\/ca\/wp-json\/wp\/v2\/types\/page"}],"author":[{"embeddable":true,"href":"https:\/\/barcelona-logistica.es\/ca\/wp-json\/wp\/v2\/users\/1"}],"replies":[{"embeddable":true,"href":"https:\/\/barcelona-logistica.es\/ca\/wp-json\/wp\/v2\/comments?post=12175"}],"version-history":[{"count":3,"href":"https:\/\/barcelona-logistica.es\/ca\/wp-json\/wp\/v2\/pages\/12175\/revisions"}],"predecessor-version":[{"id":12573,"href":"https:\/\/barcelona-logistica.es\/ca\/wp-json\/wp\/v2\/pages\/12175\/revisions\/12573"}],"wp:attachment":[{"href":"https:\/\/barcelona-logistica.es\/ca\/wp-json\/wp\/v2\/media?parent=12175"}],"curies":[{"name":"wp","href":"https:\/\/api.w.org\/{rel}","templated":true}]}}