{"id":12139,"date":"2024-11-22T11:25:17","date_gmt":"2024-11-22T11:25:17","guid":{"rendered":"https:\/\/drg.dev.localfame.com\/privacy-policy\/"},"modified":"2024-11-26T14:19:12","modified_gmt":"2024-11-26T14:19:12","slug":"privacy-policy","status":"publish","type":"page","link":"https:\/\/barcelona-logistica.es\/ca\/privacy-policy\/","title":{"rendered":"Privacy Policy"},"content":{"rendered":"\n<div class=\"wp-block-group alignfull hero has-global-padding is-layout-constrained wp-block-group-is-layout-constrained has-background\" style=\"padding-top:var(--wp--preset--spacing--80);padding-bottom:var(--wp--preset--spacing--80);background-image:url(&apos;https:\/\/barcelona-logistica.es\/wp-content\/uploads\/2024\/04\/cover_export-scaled.jpg&apos;);background-position:100% 50%;background-repeat:no-repeat;background-size:auto;\">\n<div class=\"wp-block-columns alignwide is-layout-flex wp-container-core-columns-is-layout-701c2d95 wp-block-columns-is-layout-flex\" style=\"padding-top:var(--wp--preset--spacing--80);padding-bottom:var(--wp--preset--spacing--80)\">\n<div class=\"wp-block-column is-layout-flow wp-block-column-is-layout-flow\" style=\"padding-top:var(--wp--preset--spacing--70);flex-basis:55%\">\n<h1 class=\"wp-block-heading has-white-color has-text-color has-link-color wp-elements-c89c5ab7a9489582b84278be3e86385d\" style=\"line-height:1.2\">Pol\u00edtica Privacitat<\/h1>\n<\/div>\n\n\n\n<div class=\"wp-block-column is-layout-flow wp-block-column-is-layout-flow\" style=\"flex-basis:45%\"><\/div>\n<\/div>\n<\/div>\n\n\n\n<div class=\"wp-block-group alignwide has-global-padding is-layout-constrained wp-block-group-is-layout-constrained\" style=\"padding-top:var(--wp--preset--spacing--70);padding-bottom:var(--wp--preset--spacing--70)\">\n<div class=\"wp-block-columns alignwide are-vertically-aligned-center is-layout-flex wp-container-core-columns-is-layout-cf05694f wp-block-columns-is-layout-flex\">\n<div class=\"wp-block-column is-vertically-aligned-center is-layout-flow wp-block-column-is-layout-flow\" style=\"flex-basis:100%\">\n<p>vi av\u00eds.<\/p>\n\n\n\n<p>Drets de propietat intel\u00b7lectual i industrial:<\/p>\n\n\n\n<p>Tots els drets de propietat intel\u00b7lectual i\/o industrial del lloc web i de tots els seus continguts (textos, imatges, dissenys, creativitats, programari, codi font, fragment d&#8217;\u00e0udio, programari, desc\u00e0rregues digitals, bases de dades, noms comercials, marques, logotips, i\/o qualsevol altre signe distintiu, etc.) que formen o han format part d&#8217;ella en algun moment, estan protegits per llei i pertanyen a DRG Solutions, S.L.<\/p>\n\n\n\n<p>En cap cas s&#8217;entendr\u00e0 que l&#8217;acc\u00e9s i utilitzaci\u00f3 del lloc web implica la ren\u00fancia, transmissi\u00f3, llic\u00e8ncia, cessi\u00f3, total o parcial, o autoritzaci\u00f3 de qualsevol tipus, per a l&#8217;explotaci\u00f3, reproducci\u00f3, comunicaci\u00f3 p\u00fablica, difusi\u00f3, difusi\u00f3 i\/o transformaci\u00f3 del lloc web, ni dels seus continguts, ent\u00e8s amb l&#8217;amplitud indicada en el punt anterior, ni dels drets de propietat intel\u00b7lectual i\/o industrial inherents a la mateixa.<\/p>\n\n\n\n<p>Pol\u00edtica de privacitat:<\/p>\n\n\n\n<p>DRG SOLUTIONS, S.L. protegeix les dades de car\u00e0cter personal d&#8217;acord amb la normativa vigent de protecci\u00f3 de dades , aix\u00ed com el nou Reglament general de protecci\u00f3 de dades 2016\/679.<\/p>\n\n\n\n<p>D&#8217;acord amb la normativa vigent en el tractament de dades, l&#8217;informem:<\/p>\n\n\n\n<p>DADES RECOLLIDES EN FORMULARI DE CONTACTE<\/p>\n\n\n\n<figure class=\"wp-block-table\"><table class=\"has-fixed-layout\"><tbody><tr><td>Prop\u00f2sit<\/td><td>Remetre a l&#8217;usuari informaci\u00f3 que pugui ser del seu inter\u00e8s per l&#8217;adre\u00e7a facilitada.<\/td><\/tr><tr><td>Legitimaci\u00f3 per al tractament<\/td><td>Consentiment de l&#8217;usuari<\/td><\/tr><tr><td>Criteris de conservaci\u00f3<\/td><td>Les seves dades seran cancel\u00b7lades en el moment en qu\u00e8 retiri el seu consentiment, es conservaran durant el termini de 3 anys per respondre a les possibles reclamacions i\/o en el moment de sol\u00b7licitar la supressi\u00f3, despr\u00e9s d&#8217;oposar-se al tractament, seran destru\u00efts.<\/td><\/tr><tr><td>Comunicaci\u00f3 de dades<\/td><td>No seran cedides a menys que la Llei ens obligui o sigui necessari per al funcionament del servei<\/td><\/tr><tr><td>Drets d&#8217;usuari<\/td><td>Els drets d&#8217;acc\u00e9s, rectificaci\u00f3, supressi\u00f3, portabilitat i limitaci\u00f3 o oposici\u00f3 al seu tractament, aix\u00ed com sol\u00b7licitar m\u00e9s informaci\u00f3 sobre el tractament de les seves dades. Dret a presentar una reclamaci\u00f3 davant l&#8217;Ag\u00e8ncia Espanyola de protecci\u00f3 de dades.<\/td><\/tr><tr><td>Dades de contacte per exercir els drets d&#8217;usuari<\/td><td>mbe134@mbedrg.es \/ drg@drggroup.eu<\/td><\/tr><\/tbody><\/table><\/figure>\n\n\n\n<p>DADES RECOLLIDES EN FORMULARI DE CONTACTE AMB ACCEPTACI\u00d3 A RECEPCI\u00d3 DE COMUNICACIONS COMERCIALS<\/p>\n\n\n\n<figure class=\"wp-block-table\"><table class=\"has-fixed-layout\"><tbody><tr><td>Prop\u00f2sit<\/td><td>Remetre a l&#8217;usuari informaci\u00f3 que pogu\u00e9s resultar d&#8217;inter\u00e8s per a l&#8217;adre\u00e7a facilitada aix\u00ed com per gestionar la possible relaci\u00f3 comercial.<\/td><\/tr><tr><td>Legitimaci\u00f3 per al tractament<\/td><td>Consentiment de l&#8217;usuari<\/td><\/tr><tr><td>Criteris de conservaci\u00f3<\/td><td>Les seves dades seran cancel\u00b7lades en el moment en qu\u00e8 retiri el seu consentiment, es conservaran durant el termini de 3 anys per respondre a les possibles reclamacions i\/o en el moment de sol\u00b7licitar la supressi\u00f3, despr\u00e9s d&#8217;oposar-se al tractament, seran destru\u00efts.<\/td><\/tr><tr><td>Comunicaci\u00f3 de dades<\/td><td>No seran cedides a menys que la Llei ens obligui o sigui necessari per al funcionament del servei<\/td><\/tr><tr><td>Drets d&#8217;usuari<\/td><td>Els drets d&#8217;acc\u00e9s, rectificaci\u00f3, supressi\u00f3, portabilitat i limitaci\u00f3 o oposici\u00f3 al seu tractament, aix\u00ed com sol\u00b7licitar m\u00e9s informaci\u00f3 sobre el tractament de les seves dades. Dret a presentar una reclamaci\u00f3 davant l&#8217;Ag\u00e8ncia Espanyola de protecci\u00f3 de dades.<\/td><\/tr><tr><td>Dades de contacte per exercir els drets d&#8217;usuari<\/td><td>mbe134@mbedrg.es \/ drg@drggroup.eu<\/td><\/tr><\/tbody><\/table><\/figure>\n\n\n\n<p>DADES RECOLLIDES EN EL FORMULARI DE VENDA ONLINE<\/p>\n\n\n\n<figure class=\"wp-block-table\"><table class=\"has-fixed-layout\"><tbody><tr><td>Prop\u00f2sit<\/td><td>Gesti\u00f3 de la nostra relaci\u00f3 comercial<\/td><\/tr><tr><td>Legitimaci\u00f3 per al tractament<\/td><td>Consentiment de l&#8217;usuari<\/td><\/tr><tr><td>Criteris de conservaci\u00f3<\/td><td>Les seves dades seran cancel\u00b7lades en el moment en qu\u00e8 retiri el seu consentiment, es conservaran durant el termini de 3 anys per respondre a les possibles reclamacions i\/o en el moment de sol\u00b7licitar la supressi\u00f3, despr\u00e9s d&#8217;oposar-se al tractament, seran destru\u00efts.<\/td><\/tr><tr><td>Comunicaci\u00f3 de dades<\/td><td>No seran cedides a menys que la Llei ens obligui o sigui necessari per al funcionament del servei<\/td><\/tr><tr><td>Drets d&#8217;usuari<\/td><td>Els drets d&#8217;acc\u00e9s, rectificaci\u00f3, supressi\u00f3, portabilitat i limitaci\u00f3 o oposici\u00f3 al seu tractament, aix\u00ed com sol\u00b7licitar m\u00e9s informaci\u00f3 sobre el tractament de les seves dades. Dret a presentar una reclamaci\u00f3 davant l&#8217;Ag\u00e8ncia Espanyola de protecci\u00f3 de dades.<\/td><\/tr><tr><td>Dades de contacte per exercir els drets d&#8217;usuari<\/td><td>mbe134@mbedrg.es \/ drg@drggroup.eu<\/td><\/tr><\/tbody><\/table><\/figure>\n\n\n\n<p>Enlla\u00e7os:<\/p>\n\n\n\n<p>L&#8217;empresa no assumeix cap responsabilitat pel contingut, informacions o serveis que puguin ser subministrats pels enlla\u00e7os presentats en el nostre lloc web, i que s\u00f3n nom\u00e9s per a fins informatius.<\/p>\n\n\n\n<p>Legislaci\u00f3 aplicable:<\/p>\n\n\n\n<p>Aquesta p\u00e0gina web es regeix per la legislaci\u00f3 espanyola.<br>This Website is governed by Spanish law.<\/p>\n<\/div>\n<\/div>\n<\/div>\n","protected":false},"excerpt":{"rendered":"<p>Pol\u00edtica Privacitat vi av\u00eds. Drets de propietat intel\u00b7lectual i industrial: Tots els drets de propietat intel\u00b7lectual i\/o industrial del lloc web i de tots els seus continguts (textos, imatges, dissenys, creativitats, programari, codi font, fragment d&#8217;\u00e0udio, programari, desc\u00e0rregues digitals, bases de dades, noms comercials, marques, logotips, i\/o qualsevol altre signe distintiu, etc.) que formen o [&hellip;]<\/p>\n","protected":false},"author":1,"featured_media":0,"parent":0,"menu_order":0,"comment_status":"closed","ping_status":"closed","template":"","meta":{"pgc_sgb_lightbox_settings":"","footnotes":""},"class_list":["post-12139","page","type-page","status-publish","hentry"],"yoast_head":"<!-- This site is optimized with the Yoast SEO plugin v26.5 - https:\/\/yoast.com\/wordpress\/plugins\/seo\/ -->\n<title>Barcelona Logistics | 4PL Provider - Transport, Storage and More<\/title>\n<meta name=\"description\" content=\"Let us create your ideal complete logistics solution. Do not rely on a single logistics company in Barcelona. Let us handpick the best services from them all.\" \/>\n<meta name=\"robots\" content=\"index, follow, max-snippet:-1, max-image-preview:large, max-video-preview:-1\" \/>\n<link rel=\"canonical\" href=\"https:\/\/barcelona-logistica.es\/ca\/privacy-policy\/\" \/>\n<meta property=\"og:locale\" content=\"ca_ES\" \/>\n<meta property=\"og:type\" content=\"article\" \/>\n<meta property=\"og:title\" content=\"Barcelona Logistics | 4PL Provider - Transport, Storage and More\" \/>\n<meta property=\"og:description\" content=\"Let us create your ideal complete logistics solution. Do not rely on a single logistics company in Barcelona. Let us handpick the best services from them all.\" \/>\n<meta property=\"og:url\" content=\"https:\/\/barcelona-logistica.es\/ca\/privacy-policy\/\" \/>\n<meta property=\"og:site_name\" content=\"DRG Solutions\" \/>\n<meta property=\"article:modified_time\" content=\"2024-11-26T14:19:12+00:00\" \/>\n<meta name=\"twitter:card\" content=\"summary_large_image\" \/>\n<meta name=\"twitter:label1\" content=\"Temps estimat de lectura\" \/>\n\t<meta name=\"twitter:data1\" content=\"3 minuts\" \/>\n<script type=\"application\/ld+json\" class=\"yoast-schema-graph\">{\"@context\":\"https:\/\/schema.org\",\"@graph\":[{\"@type\":\"WebPage\",\"@id\":\"https:\/\/barcelona-logistica.es\/ca\/privacy-policy\/\",\"url\":\"https:\/\/barcelona-logistica.es\/ca\/privacy-policy\/\",\"name\":\"Barcelona Logistics | 4PL Provider - Transport, Storage and More\",\"isPartOf\":{\"@id\":\"https:\/\/barcelona-logistica.es\/ca\/#website\"},\"datePublished\":\"2024-11-22T11:25:17+00:00\",\"dateModified\":\"2024-11-26T14:19:12+00:00\",\"description\":\"Let us create your ideal complete logistics solution. Do not rely on a single logistics company in Barcelona. Let us handpick the best services from them all.\",\"breadcrumb\":{\"@id\":\"https:\/\/barcelona-logistica.es\/ca\/privacy-policy\/#breadcrumb\"},\"inLanguage\":\"ca\",\"potentialAction\":[{\"@type\":\"ReadAction\",\"target\":[\"https:\/\/barcelona-logistica.es\/ca\/privacy-policy\/\"]}]},{\"@type\":\"BreadcrumbList\",\"@id\":\"https:\/\/barcelona-logistica.es\/ca\/privacy-policy\/#breadcrumb\",\"itemListElement\":[{\"@type\":\"ListItem\",\"position\":1,\"name\":\"Inici\",\"item\":\"https:\/\/barcelona-logistica.es\/ca\/\"},{\"@type\":\"ListItem\",\"position\":2,\"name\":\"Privacy Policy\"}]},{\"@type\":\"WebSite\",\"@id\":\"https:\/\/barcelona-logistica.es\/ca\/#website\",\"url\":\"https:\/\/barcelona-logistica.es\/ca\/\",\"name\":\"DRG Solutions\",\"description\":\"\",\"publisher\":{\"@id\":\"https:\/\/barcelona-logistica.es\/ca\/#organization\"},\"potentialAction\":[{\"@type\":\"SearchAction\",\"target\":{\"@type\":\"EntryPoint\",\"urlTemplate\":\"https:\/\/barcelona-logistica.es\/ca\/?s={search_term_string}\"},\"query-input\":{\"@type\":\"PropertyValueSpecification\",\"valueRequired\":true,\"valueName\":\"search_term_string\"}}],\"inLanguage\":\"ca\"},{\"@type\":\"Organization\",\"@id\":\"https:\/\/barcelona-logistica.es\/ca\/#organization\",\"name\":\"DRG SOLUTIONS, SL\",\"url\":\"https:\/\/barcelona-logistica.es\/ca\/\",\"logo\":{\"@type\":\"ImageObject\",\"inLanguage\":\"ca\",\"@id\":\"https:\/\/barcelona-logistica.es\/ca\/#\/schema\/logo\/image\/\",\"url\":\"https:\/\/barcelona-logistica.es\/wp-content\/uploads\/2020\/06\/LOGO-DRG-512x512-1.png\",\"contentUrl\":\"https:\/\/barcelona-logistica.es\/wp-content\/uploads\/2020\/06\/LOGO-DRG-512x512-1.png\",\"width\":512,\"height\":512,\"caption\":\"DRG SOLUTIONS, SL\"},\"image\":{\"@id\":\"https:\/\/barcelona-logistica.es\/ca\/#\/schema\/logo\/image\/\"}}]}<\/script>\n<!-- \/ Yoast SEO plugin. -->","yoast_head_json":{"title":"Barcelona Logistics | 4PL Provider - Transport, Storage and More","description":"Let us create your ideal complete logistics solution. Do not rely on a single logistics company in Barcelona. Let us handpick the best services from them all.","robots":{"index":"index","follow":"follow","max-snippet":"max-snippet:-1","max-image-preview":"max-image-preview:large","max-video-preview":"max-video-preview:-1"},"canonical":"https:\/\/barcelona-logistica.es\/ca\/privacy-policy\/","og_locale":"ca_ES","og_type":"article","og_title":"Barcelona Logistics | 4PL Provider - Transport, Storage and More","og_description":"Let us create your ideal complete logistics solution. Do not rely on a single logistics company in Barcelona. Let us handpick the best services from them all.","og_url":"https:\/\/barcelona-logistica.es\/ca\/privacy-policy\/","og_site_name":"DRG Solutions","article_modified_time":"2024-11-26T14:19:12+00:00","twitter_card":"summary_large_image","twitter_misc":{"Temps estimat de lectura":"3 minuts"},"schema":{"@context":"https:\/\/schema.org","@graph":[{"@type":"WebPage","@id":"https:\/\/barcelona-logistica.es\/ca\/privacy-policy\/","url":"https:\/\/barcelona-logistica.es\/ca\/privacy-policy\/","name":"Barcelona Logistics | 4PL Provider - Transport, Storage and More","isPartOf":{"@id":"https:\/\/barcelona-logistica.es\/ca\/#website"},"datePublished":"2024-11-22T11:25:17+00:00","dateModified":"2024-11-26T14:19:12+00:00","description":"Let us create your ideal complete logistics solution. Do not rely on a single logistics company in Barcelona. Let us handpick the best services from them all.","breadcrumb":{"@id":"https:\/\/barcelona-logistica.es\/ca\/privacy-policy\/#breadcrumb"},"inLanguage":"ca","potentialAction":[{"@type":"ReadAction","target":["https:\/\/barcelona-logistica.es\/ca\/privacy-policy\/"]}]},{"@type":"BreadcrumbList","@id":"https:\/\/barcelona-logistica.es\/ca\/privacy-policy\/#breadcrumb","itemListElement":[{"@type":"ListItem","position":1,"name":"Inici","item":"https:\/\/barcelona-logistica.es\/ca\/"},{"@type":"ListItem","position":2,"name":"Privacy Policy"}]},{"@type":"WebSite","@id":"https:\/\/barcelona-logistica.es\/ca\/#website","url":"https:\/\/barcelona-logistica.es\/ca\/","name":"DRG Solutions","description":"","publisher":{"@id":"https:\/\/barcelona-logistica.es\/ca\/#organization"},"potentialAction":[{"@type":"SearchAction","target":{"@type":"EntryPoint","urlTemplate":"https:\/\/barcelona-logistica.es\/ca\/?s={search_term_string}"},"query-input":{"@type":"PropertyValueSpecification","valueRequired":true,"valueName":"search_term_string"}}],"inLanguage":"ca"},{"@type":"Organization","@id":"https:\/\/barcelona-logistica.es\/ca\/#organization","name":"DRG SOLUTIONS, SL","url":"https:\/\/barcelona-logistica.es\/ca\/","logo":{"@type":"ImageObject","inLanguage":"ca","@id":"https:\/\/barcelona-logistica.es\/ca\/#\/schema\/logo\/image\/","url":"https:\/\/barcelona-logistica.es\/wp-content\/uploads\/2020\/06\/LOGO-DRG-512x512-1.png","contentUrl":"https:\/\/barcelona-logistica.es\/wp-content\/uploads\/2020\/06\/LOGO-DRG-512x512-1.png","width":512,"height":512,"caption":"DRG SOLUTIONS, SL"},"image":{"@id":"https:\/\/barcelona-logistica.es\/ca\/#\/schema\/logo\/image\/"}}]}},"_links":{"self":[{"href":"https:\/\/barcelona-logistica.es\/ca\/wp-json\/wp\/v2\/pages\/12139","targetHints":{"allow":["GET"]}}],"collection":[{"href":"https:\/\/barcelona-logistica.es\/ca\/wp-json\/wp\/v2\/pages"}],"about":[{"href":"https:\/\/barcelona-logistica.es\/ca\/wp-json\/wp\/v2\/types\/page"}],"author":[{"embeddable":true,"href":"https:\/\/barcelona-logistica.es\/ca\/wp-json\/wp\/v2\/users\/1"}],"replies":[{"embeddable":true,"href":"https:\/\/barcelona-logistica.es\/ca\/wp-json\/wp\/v2\/comments?post=12139"}],"version-history":[{"count":2,"href":"https:\/\/barcelona-logistica.es\/ca\/wp-json\/wp\/v2\/pages\/12139\/revisions"}],"predecessor-version":[{"id":12237,"href":"https:\/\/barcelona-logistica.es\/ca\/wp-json\/wp\/v2\/pages\/12139\/revisions\/12237"}],"wp:attachment":[{"href":"https:\/\/barcelona-logistica.es\/ca\/wp-json\/wp\/v2\/media?parent=12139"}],"curies":[{"name":"wp","href":"https:\/\/api.w.org\/{rel}","templated":true}]}}