{"id":12134,"date":"2024-11-22T12:21:37","date_gmt":"2024-11-22T12:21:37","guid":{"rendered":"https:\/\/drg.dev.localfame.com\/cookie-policy\/"},"modified":"2024-11-27T09:24:49","modified_gmt":"2024-11-27T09:24:49","slug":"cookie-policy","status":"publish","type":"page","link":"https:\/\/barcelona-logistica.es\/ca\/cookie-policy\/","title":{"rendered":"Pol\u00edtica de cookies"},"content":{"rendered":"\n<div class=\"wp-block-group alignfull hero has-global-padding is-layout-constrained wp-block-group-is-layout-constrained has-background\" style=\"padding-top:var(--wp--preset--spacing--80);padding-bottom:var(--wp--preset--spacing--80);background-image:url(&apos;https:\/\/barcelona-logistica.es\/wp-content\/uploads\/2020\/07\/wrap-overlay-scaled.jpg&apos;);background-position:100% 50%;background-repeat:no-repeat;background-size:auto;\">\n<div class=\"wp-block-columns alignwide is-layout-flex wp-container-core-columns-is-layout-701c2d95 wp-block-columns-is-layout-flex\" style=\"padding-top:var(--wp--preset--spacing--80);padding-bottom:var(--wp--preset--spacing--80)\">\n<div class=\"wp-block-column is-layout-flow wp-block-column-is-layout-flow\" style=\"padding-top:var(--wp--preset--spacing--70);flex-basis:55%\">\n<h1 class=\"wp-block-heading has-white-color has-text-color has-link-color wp-elements-6c3bb3586eae722fdb4fc773cbaf234b\" style=\"line-height:1.2\">Pol\u00edtica de cookies<\/h1>\n<\/div>\n\n\n\n<div class=\"wp-block-column is-layout-flow wp-block-column-is-layout-flow\" style=\"flex-basis:45%\"><\/div>\n<\/div>\n<\/div>\n\n\n\n<div class=\"wp-block-group alignwide has-global-padding is-layout-constrained wp-block-group-is-layout-constrained\" style=\"padding-top:var(--wp--preset--spacing--70);padding-bottom:var(--wp--preset--spacing--70)\">\n<div class=\"wp-block-columns alignwide are-vertically-aligned-center is-layout-flex wp-container-core-columns-is-layout-cf05694f wp-block-columns-is-layout-flex\">\n<div class=\"wp-block-column is-layout-flow wp-block-column-is-layout-flow\">\n<p><strong>\u00das de cookies en el lloc web<\/strong><\/p>\n\n\n\n<p>DRG Solutions, S.L. amb domicili social a Montnegre, 18-24, 08029 Barcelona, Espanya, a m\u00e9s de les disposicions establertes en la pol\u00edtica de privacitat, informar els usuaris de l\u2019\u00fas de cookies en el lloc web&nbsp;<a href=\"https:\/\/barcelona-logistica.es\/\">https:\/\/barcelona-logistica.es\/<\/a>&nbsp;(el \u201clloc web\u201d).<\/p>\n\n\n\n<p><strong>Qu\u00e8 s\u00f3n Cookies?<\/strong><\/p>\n\n\n\n<p>\u201cCookies\u201d s\u00f3n petits arxius de text d\u2019un lloc web que s\u2019emmagatzemen en el seu equip, tel\u00e8fon m\u00f2bil o un altre dispositiu. Les cookies generalment contenen informaci\u00f3 associada al seu navegador web informaci\u00f3 com a prefer\u00e8ncies del lloc web o informaci\u00f3 d\u2019inici de sessi\u00f3. Aquesta informaci\u00f3 permet als serveis en l\u00ednia recon\u00e8ixer-li a mesura que interactua amb el lloc web o el revisa.<\/p>\n\n\n\n<p><strong>Com utilitzem les cookies<\/strong><br>Nosaltres i els nostres prove\u00efdors de serveis podem usar cookies i tecnologies de seguiment (p\u00edxels de seguiment) quan interactuin amb els serveis per una varietat de raons, com es descriu a continuaci\u00f3 detalladament.<\/p>\n\n\n\n<figure class=\"wp-block-table\"><table class=\"has-fixed-layout\"><tbody><tr><td><strong>Estrictament Necessari<\/strong><\/td><td>Utilitzem cookies per a l\u2019administraci\u00f3 del sistema, per a monitorar el tr\u00e0nsit i prevenir activitats fraudulentes, per a millorar la seguretat dels serveis i per a proporcionar la funcionalitat b\u00e0sica dels serveis, com la creaci\u00f3 i el registre en el seu compte i l\u2019\u00fas de caracter\u00edstiques essencials dels serveis.<\/td><\/tr><tr><td><strong>Relacionat amb la funcionalitat<\/strong><\/td><td>Utilitzem cookies per a indicar-nos si ha visitat el lloc web abans i per a facilitar l\u2019\u00fas dels serveis, fins i tot recordant les seves prefer\u00e8ncies i configuracions.<\/td><\/tr><tr><td><strong>An\u00e0lisi i rendiment<\/strong><\/td><td>Utilitzem cookies i p\u00edxels de seguiment per a avaluar el rendiment dels serveis, per a comptar als visitants del lloc web i per a monitorar com els usuaris naveguen i utilitzen els serveis, amb la finalitat de millorar el rendiment i el contingut ofert a trav\u00e9s dels serveis.<\/td><\/tr><tr><td><strong>Personalitzaci\u00f3 i orientaci\u00f3<\/strong><\/td><td>Podem usar cookies i p\u00edxels de seguiment per a oferir contingut personalitzat i m\u00e0rqueting \u201cde primera persona\u201d (m\u00e0rqueting de DRG Solutions, S.L.) basat en com interactua amb els nostres serveis. Tamb\u00e9 podem usar cookies i p\u00edxels de seguiment per a registrar l\u2019\u00fas dels nostres serveis, les p\u00e0gines que ha visitat i els enlla\u00e7os que ha seguit. Utilitzarem aquesta informaci\u00f3 per a fer que els nostres serveis i la publicitat mostrada en ella siguin m\u00e9s rellevants per als seus interessos. Tamb\u00e9 podem compartir aquesta informaci\u00f3 amb tercers a aquest efecte.<\/td><\/tr><\/tbody><\/table><\/figure>\n\n\n\n<p><strong>Com desactivar o eliminar cookies<\/strong><br>Els usuaris poden controlar com es configuren les cookies en els seus dispositius utilitzant la configuraci\u00f3 del seu navegador i, en alguns casos, la configuraci\u00f3 del seu dispositiu m\u00f2bil. Si els usuaris no rebutgen o desactiven les cookies descrites en aquesta secci\u00f3, consentiran expressament en la configuraci\u00f3 i l\u2019acc\u00e9s de les cookies per nosaltres i els tercers descrits en els seg\u00fcents, amb subjecci\u00f3 a les seves pol\u00edtiques de privacitat.<\/p>\n\n\n\n<p>Els usuaris poden autoritzar, rebutjar o deshabilitar cookies de llocs web canviant la configuraci\u00f3 del seu navegador. Si els usuaris desactiven una cookie ja instal\u00b7lada en els seus dispositius o exploradors, ja no estar\u00e0 activa, per\u00f2 no desapareixer\u00e0 dels seus dispositius o exploradors fins al final de la seva vida \u00fatil. Tingui en compte que el bloqueig de totes les cookies pot fer que el lloc web no estigui disponible per als usuaris o tenir un efecte negatiu en el rendiment, efici\u00e8ncia o personalitzaci\u00f3 del lloc web.<\/p>\n\n\n\n<p>Si els usuaris utilitzen dispositius diferents, han d\u2019assegurar-se que configuren la configuraci\u00f3 de l\u2019explorador corresponent d\u2019acord amb les seves prefer\u00e8ncies.<\/p>\n\n\n\n<p>Tots els exploradors m\u00e9s recents permeten a l\u2019usuari canviar la configuraci\u00f3 de cookies. Normalment es troben en el men\u00fa del navegador de l\u2019usuari sota \u2018opcions\u2019 o \u2018prefer\u00e8ncies\u2019. Per a entendre com configurar-los, l\u2019usuari pot seguir les instruccions dels vincles seg\u00fcents:<\/p>\n\n\n\n<ul class=\"wp-block-list\">\n<li><strong>Mozilla Firefox:\u00a0<\/strong><a href=\"https:\/\/support.mozilla.org\/it\/kb\/Gestione%20dei%20cookie\">https:\/\/support.mozilla.org\/it\/kb\/Gestione%20dei%20cookie<\/a><\/li>\n\n\n\n<li><strong>Internet Explorer<\/strong>:\u00a0<a href=\"http:\/\/windows.microsoft.com\/it-it\/windows-vista\/block-or-allow-cookies\">http:\/\/windows.microsoft.com\/it-it\/windows-vista\/block-or-allow-cookies<\/a><\/li>\n\n\n\n<li><strong>Google Chrome<\/strong>:\u00a0<a href=\"https:\/\/support.google.com\/chrome\/answer\/95647?hl=it\">https:\/\/support.google.com\/chrome\/answer\/95647?hl=it<\/a><\/li>\n\n\n\n<li><strong>Safari 6\/7 Mavericks<\/strong>:\u00a0<a href=\"https:\/\/support.apple.com\/kb\/PH17191?viewlocale=it_IT&amp;locale=it_IT\">https:\/\/support.apple.com\/kb\/PH17191?viewlocale=it_IT&amp;locale=it_IT<\/a><\/li>\n\n\n\n<li><strong>Safari 8 Yosemite<\/strong>:\u00a0<a href=\"https:\/\/support.apple.com\/kb\/PH19214?viewlocale=it_IT&amp;locale=it_IT\">https:\/\/support.apple.com\/kb\/PH19214?viewlocale=it_IT&amp;locale=it_IT<\/a><\/li>\n\n\n\n<li><strong>Safari en iPhone, iPad o iPod touch<\/strong>:\u00a0<a href=\"https:\/\/support.apple.com\/it-it\/HT201265\">https:\/\/support.apple.com\/it-it\/HT201265<\/a><\/li>\n<\/ul>\n\n\n\n<p><strong>DRG Solutions, S.L. utilitza cookies en els seus propis llocs web?<\/strong><\/p>\n\n\n\n<p>DRG Solutions, S.L. utilitza \u201ccookies\u201d per a facilitar l\u2019\u00fas dels serveis sol\u00b7licitats pel propi usuari, aix\u00ed com la recopilaci\u00f3 d\u2019informaci\u00f3 per l\u2019usuari, la navegaci\u00f3 del lloc web i les opcions i prefer\u00e8ncies expressades sobre els productes. Aix\u00f2 permetr\u00e0 DRG Solutions, S.L. crear perfils d\u2019usuaris utilitzant les dades recollides, la qual cosa permetr\u00e0 la transmissi\u00f3 de publicitat espec\u00edfica i personalitzada. L\u2019usuari podr\u00e0 revocar en qualsevol moment l\u2019autoritzaci\u00f3 concedida i oposar-se a la utilitzaci\u00f3 de cookies seleccionant els ajustos apropiats en el seu navegador d\u2019Internet, com es detalla en la secci\u00f3 anterior.<\/p>\n\n\n\n<p>A m\u00e9s de les cookies estrictament necess\u00e0ries i relacionades amb la funcionalitat per a les quals no \u00e9s necessari recaptar el consentiment, el lloc web utilitza les cookies que s\u2019indiquen a continuaci\u00f3:<\/p>\n\n\n\n<p>Informaci\u00f3 detallada sobre el tractament de dades personals<\/p>\n\n\n\n<p>Les dades personals es recopilen amb els seg\u00fcents fins i s\u2019utilitzen els seg\u00fcents serveis:<\/p>\n\n\n\n<p><strong>An\u00e0lisi<\/strong><br>Els serveis continguts en aquesta secci\u00f3 permeten al propietari monitorar i analitzar el tr\u00e0nsit web i es poden utilitzar per a realitzar un seguiment del comportament de l\u2019usuari.<br>WordPress Stats (Automattic Inc.)<br>WordPress Stats \u00e9s un servei d\u2019an\u00e0lisi proporcionada per Automattic Inc.<br>Dades personals recopilades: Cookies i dades d\u2019\u00fas.<br>Lloc de processament: Pol\u00edtica de privacitat<\/p>\n\n\n\n<p><strong>An\u00e0lisi de Google (Google Inc.)<br><\/strong><br>Google Analytics \u00e9s un servei d\u2019an\u00e0lisi web proporcionada per Google Inc. (\u201cGoogle\u201d). Google utilitza les Dades recopilades per a rastrejar i examinar l\u2019\u00fas de Mix Repairs, per a preparar informes sobre les seves activitats i compartir-los amb altres serveis de Google.<br>Google pot usar les Dades recopilades per a contextualitzar i personalitzar els anuncis de la seva pr\u00f2pia xarxa publicit\u00e0ria.<br>Dades personals recopilades: Cookies i dades d\u2019\u00fas<br>Lloc de processament: Pol\u00edtica De Privacitat \u2013 Desactivar.<\/p>\n\n\n\n<p><strong>Gesti\u00f3 d\u2019etiquetes<\/strong><br>Aquest tipus de servei ajuda el propietari a gestionar de forma centralitzada les etiquetes o guions necessaris per a la mescla de reparacions.<br>Aix\u00f2 d\u00f3na lloc al fet que les dades dels usuaris flueixin a trav\u00e9s d\u2019aquests serveis, la qual cosa podria donar lloc a la conservaci\u00f3 d\u2019aquestes dades.<br>Administrador d\u2019etiquetes de Google (Google LLC)<br>Google Tag Manager \u00e9s un servei de gesti\u00f3 d\u2019etiquetes proporcionat per Google LLC.<br>Dades personals recopilades: Cookies i dades de consum.<br>Lloc de processament: Pol\u00edtica de privacitat<\/p>\n\n\n\n<p><strong>Google AdWords (Cookies de publicitat)<\/strong><\/p>\n\n\n\n<p>El nostre lloc web utilitza Google AdWords Conversion Tracking cookie per a mesurar i optimitzar el rendiment i l\u2019experi\u00e8ncia de l\u2019usuari en relaci\u00f3 amb els nostres anuncis en Google Search o en llocs seleccionats de Google Display Network. Descobreix m\u00e9s sobre la pol\u00edtica de privacitat de Google aqu\u00ed.<\/p>\n\n\n\n<p>Desactivar: Visitant la configuraci\u00f3 d\u2019anuncis de Google.<\/p>\n\n\n\n<p>Podem utilitzar Google AdWords Remarketing Tag per a promocionar la mescla de reparacions en tota internet, en particular en la Google Display Network.<\/p>\n\n\n\n<p>AdWords remarketing et mostrar\u00e0 publicitat basada en les parts del lloc web de la mescla de reparacions que has vist en col\u00b7locar una cookie en el teu navegador web.<br>Aquesta cookie no t\u2019identifica de cap manera ni d\u00f3na acc\u00e9s al teu equip o dispositiu m\u00f2bil.<br>La cookie s\u2019usa per a indicar a altres llocs web que \u201cAquesta persona va visitar una p\u00e0gina en particular, aix\u00ed que mostrar publicitat relacionada amb aquesta p\u00e0gina.<\/p>\n\n\n\n<p>El comentari de Google AdWords ens permet adaptar millor el nostre m\u00e0rqueting a les teves necessitats i nom\u00e9s mostrar anuncis que siguin rellevants per a tu.<\/p>\n\n\n\n<p>Si no desitges veure la publicitat de Mix Repairs, pots desactivar: Ajustos de publicitat de Google.<\/p>\n\n\n\n<p><strong>Yandex Metrica<\/strong><\/p>\n\n\n\n<p>Per defecte, Yandex Metrica recopila informaci\u00f3 sobre tots els usuaris que visiten un lloc web.<\/p>\n\n\n\n<p>La recopilaci\u00f3 de dades sobre usuaris individuals pot ser bloquejada amb el&nbsp;<a href=\"https:\/\/yandex.com\/support\/metrica\/general\/opt-out.html\">Yandex. Metrica opt-out browser add-on<\/a>&nbsp;que est\u00e0 disponible per als navegadors d\u2019escriptori m\u00e9s populars.<br>L\u2019usuari pot deshabilitar les cookies col\u00b7locades pels tercers enumerats a dalt seguint els enlla\u00e7os indicats. Si no hi ha enlla\u00e7os, l\u2019usuari pot consultar el seg\u00fcent lloc web,&nbsp;<a href=\"https:\/\/www.youronlinechoices.com\/es\/\">https:\/\/www.youronlinechoices.com\/es\/<\/a>, que permet administrar les prefer\u00e8ncies respecte a les cookies.<br>Per a qualsevol altra informaci\u00f3, consulta la Pol\u00edtica de privacitat.<\/p>\n<\/div>\n<\/div>\n<\/div>\n","protected":false},"excerpt":{"rendered":"<p>Pol\u00edtica de cookies \u00das de cookies en el lloc web DRG Solutions, S.L. amb domicili social a Montnegre, 18-24, 08029 Barcelona, Espanya, a m\u00e9s de les disposicions establertes en la pol\u00edtica de privacitat, informar els usuaris de l\u2019\u00fas de cookies en el lloc web&nbsp;https:\/\/barcelona-logistica.es\/&nbsp;(el \u201clloc web\u201d). Qu\u00e8 s\u00f3n Cookies? \u201cCookies\u201d s\u00f3n petits arxius de text [&hellip;]<\/p>\n","protected":false},"author":1,"featured_media":0,"parent":0,"menu_order":0,"comment_status":"closed","ping_status":"closed","template":"","meta":{"pgc_sgb_lightbox_settings":"","footnotes":""},"class_list":["post-12134","page","type-page","status-publish","hentry"],"yoast_head":"<!-- This site is optimized with the Yoast SEO plugin v26.5 - https:\/\/yoast.com\/wordpress\/plugins\/seo\/ -->\n<title>Pol\u00edtica de cookies | DRG Solutions<\/title>\n<meta name=\"robots\" content=\"index, follow, max-snippet:-1, max-image-preview:large, max-video-preview:-1\" \/>\n<link rel=\"canonical\" href=\"https:\/\/barcelona-logistica.es\/ca\/cookie-policy\/\" \/>\n<meta property=\"og:locale\" content=\"ca_ES\" \/>\n<meta property=\"og:type\" content=\"article\" \/>\n<meta property=\"og:title\" content=\"Pol\u00edtica de cookies | DRG Solutions\" \/>\n<meta property=\"og:description\" content=\"Pol\u00edtica de cookies \u00das de cookies en el lloc web DRG Solutions, S.L. amb domicili social a Montnegre, 18-24, 08029 Barcelona, Espanya, a m\u00e9s de les disposicions establertes en la pol\u00edtica de privacitat, informar els usuaris de l\u2019\u00fas de cookies en el lloc web&nbsp;https:\/\/barcelona-logistica.es\/&nbsp;(el \u201clloc web\u201d). Qu\u00e8 s\u00f3n Cookies? \u201cCookies\u201d s\u00f3n petits arxius de text [&hellip;]\" \/>\n<meta property=\"og:url\" content=\"https:\/\/barcelona-logistica.es\/ca\/cookie-policy\/\" \/>\n<meta property=\"og:site_name\" content=\"DRG Solutions\" \/>\n<meta property=\"article:modified_time\" content=\"2024-11-27T09:24:49+00:00\" \/>\n<meta name=\"twitter:card\" content=\"summary_large_image\" \/>\n<meta name=\"twitter:label1\" content=\"Temps estimat de lectura\" \/>\n\t<meta name=\"twitter:data1\" content=\"1 minut\" \/>\n<script type=\"application\/ld+json\" class=\"yoast-schema-graph\">{\"@context\":\"https:\/\/schema.org\",\"@graph\":[{\"@type\":\"WebPage\",\"@id\":\"https:\/\/barcelona-logistica.es\/ca\/cookie-policy\/\",\"url\":\"https:\/\/barcelona-logistica.es\/ca\/cookie-policy\/\",\"name\":\"Pol\u00edtica de cookies | DRG Solutions\",\"isPartOf\":{\"@id\":\"https:\/\/barcelona-logistica.es\/ca\/#website\"},\"datePublished\":\"2024-11-22T12:21:37+00:00\",\"dateModified\":\"2024-11-27T09:24:49+00:00\",\"breadcrumb\":{\"@id\":\"https:\/\/barcelona-logistica.es\/ca\/cookie-policy\/#breadcrumb\"},\"inLanguage\":\"ca\",\"potentialAction\":[{\"@type\":\"ReadAction\",\"target\":[\"https:\/\/barcelona-logistica.es\/ca\/cookie-policy\/\"]}]},{\"@type\":\"BreadcrumbList\",\"@id\":\"https:\/\/barcelona-logistica.es\/ca\/cookie-policy\/#breadcrumb\",\"itemListElement\":[{\"@type\":\"ListItem\",\"position\":1,\"name\":\"Inici\",\"item\":\"https:\/\/barcelona-logistica.es\/ca\/\"},{\"@type\":\"ListItem\",\"position\":2,\"name\":\"Pol\u00edtica de cookies\"}]},{\"@type\":\"WebSite\",\"@id\":\"https:\/\/barcelona-logistica.es\/ca\/#website\",\"url\":\"https:\/\/barcelona-logistica.es\/ca\/\",\"name\":\"DRG Solutions\",\"description\":\"\",\"publisher\":{\"@id\":\"https:\/\/barcelona-logistica.es\/ca\/#organization\"},\"potentialAction\":[{\"@type\":\"SearchAction\",\"target\":{\"@type\":\"EntryPoint\",\"urlTemplate\":\"https:\/\/barcelona-logistica.es\/ca\/?s={search_term_string}\"},\"query-input\":{\"@type\":\"PropertyValueSpecification\",\"valueRequired\":true,\"valueName\":\"search_term_string\"}}],\"inLanguage\":\"ca\"},{\"@type\":\"Organization\",\"@id\":\"https:\/\/barcelona-logistica.es\/ca\/#organization\",\"name\":\"DRG SOLUTIONS, SL\",\"url\":\"https:\/\/barcelona-logistica.es\/ca\/\",\"logo\":{\"@type\":\"ImageObject\",\"inLanguage\":\"ca\",\"@id\":\"https:\/\/barcelona-logistica.es\/ca\/#\/schema\/logo\/image\/\",\"url\":\"https:\/\/barcelona-logistica.es\/wp-content\/uploads\/2020\/06\/LOGO-DRG-512x512-1.png\",\"contentUrl\":\"https:\/\/barcelona-logistica.es\/wp-content\/uploads\/2020\/06\/LOGO-DRG-512x512-1.png\",\"width\":512,\"height\":512,\"caption\":\"DRG SOLUTIONS, SL\"},\"image\":{\"@id\":\"https:\/\/barcelona-logistica.es\/ca\/#\/schema\/logo\/image\/\"}}]}<\/script>\n<!-- \/ Yoast SEO plugin. -->","yoast_head_json":{"title":"Pol\u00edtica de cookies | DRG Solutions","robots":{"index":"index","follow":"follow","max-snippet":"max-snippet:-1","max-image-preview":"max-image-preview:large","max-video-preview":"max-video-preview:-1"},"canonical":"https:\/\/barcelona-logistica.es\/ca\/cookie-policy\/","og_locale":"ca_ES","og_type":"article","og_title":"Pol\u00edtica de cookies | DRG Solutions","og_description":"Pol\u00edtica de cookies \u00das de cookies en el lloc web DRG Solutions, S.L. amb domicili social a Montnegre, 18-24, 08029 Barcelona, Espanya, a m\u00e9s de les disposicions establertes en la pol\u00edtica de privacitat, informar els usuaris de l\u2019\u00fas de cookies en el lloc web&nbsp;https:\/\/barcelona-logistica.es\/&nbsp;(el \u201clloc web\u201d). Qu\u00e8 s\u00f3n Cookies? \u201cCookies\u201d s\u00f3n petits arxius de text [&hellip;]","og_url":"https:\/\/barcelona-logistica.es\/ca\/cookie-policy\/","og_site_name":"DRG Solutions","article_modified_time":"2024-11-27T09:24:49+00:00","twitter_card":"summary_large_image","twitter_misc":{"Temps estimat de lectura":"1 minut"},"schema":{"@context":"https:\/\/schema.org","@graph":[{"@type":"WebPage","@id":"https:\/\/barcelona-logistica.es\/ca\/cookie-policy\/","url":"https:\/\/barcelona-logistica.es\/ca\/cookie-policy\/","name":"Pol\u00edtica de cookies | DRG Solutions","isPartOf":{"@id":"https:\/\/barcelona-logistica.es\/ca\/#website"},"datePublished":"2024-11-22T12:21:37+00:00","dateModified":"2024-11-27T09:24:49+00:00","breadcrumb":{"@id":"https:\/\/barcelona-logistica.es\/ca\/cookie-policy\/#breadcrumb"},"inLanguage":"ca","potentialAction":[{"@type":"ReadAction","target":["https:\/\/barcelona-logistica.es\/ca\/cookie-policy\/"]}]},{"@type":"BreadcrumbList","@id":"https:\/\/barcelona-logistica.es\/ca\/cookie-policy\/#breadcrumb","itemListElement":[{"@type":"ListItem","position":1,"name":"Inici","item":"https:\/\/barcelona-logistica.es\/ca\/"},{"@type":"ListItem","position":2,"name":"Pol\u00edtica de cookies"}]},{"@type":"WebSite","@id":"https:\/\/barcelona-logistica.es\/ca\/#website","url":"https:\/\/barcelona-logistica.es\/ca\/","name":"DRG Solutions","description":"","publisher":{"@id":"https:\/\/barcelona-logistica.es\/ca\/#organization"},"potentialAction":[{"@type":"SearchAction","target":{"@type":"EntryPoint","urlTemplate":"https:\/\/barcelona-logistica.es\/ca\/?s={search_term_string}"},"query-input":{"@type":"PropertyValueSpecification","valueRequired":true,"valueName":"search_term_string"}}],"inLanguage":"ca"},{"@type":"Organization","@id":"https:\/\/barcelona-logistica.es\/ca\/#organization","name":"DRG SOLUTIONS, SL","url":"https:\/\/barcelona-logistica.es\/ca\/","logo":{"@type":"ImageObject","inLanguage":"ca","@id":"https:\/\/barcelona-logistica.es\/ca\/#\/schema\/logo\/image\/","url":"https:\/\/barcelona-logistica.es\/wp-content\/uploads\/2020\/06\/LOGO-DRG-512x512-1.png","contentUrl":"https:\/\/barcelona-logistica.es\/wp-content\/uploads\/2020\/06\/LOGO-DRG-512x512-1.png","width":512,"height":512,"caption":"DRG SOLUTIONS, SL"},"image":{"@id":"https:\/\/barcelona-logistica.es\/ca\/#\/schema\/logo\/image\/"}}]}},"_links":{"self":[{"href":"https:\/\/barcelona-logistica.es\/ca\/wp-json\/wp\/v2\/pages\/12134","targetHints":{"allow":["GET"]}}],"collection":[{"href":"https:\/\/barcelona-logistica.es\/ca\/wp-json\/wp\/v2\/pages"}],"about":[{"href":"https:\/\/barcelona-logistica.es\/ca\/wp-json\/wp\/v2\/types\/page"}],"author":[{"embeddable":true,"href":"https:\/\/barcelona-logistica.es\/ca\/wp-json\/wp\/v2\/users\/1"}],"replies":[{"embeddable":true,"href":"https:\/\/barcelona-logistica.es\/ca\/wp-json\/wp\/v2\/comments?post=12134"}],"version-history":[{"count":1,"href":"https:\/\/barcelona-logistica.es\/ca\/wp-json\/wp\/v2\/pages\/12134\/revisions"}],"predecessor-version":[{"id":12179,"href":"https:\/\/barcelona-logistica.es\/ca\/wp-json\/wp\/v2\/pages\/12134\/revisions\/12179"}],"wp:attachment":[{"href":"https:\/\/barcelona-logistica.es\/ca\/wp-json\/wp\/v2\/media?parent=12134"}],"curies":[{"name":"wp","href":"https:\/\/api.w.org\/{rel}","templated":true}]}}